{"id":906,"date":"2023-05-22T14:00:57","date_gmt":"2023-05-22T11:00:57","guid":{"rendered":"https:\/\/arcticgiant.fi\/v2\/?page_id=906"},"modified":"2026-01-11T23:18:12","modified_gmt":"2026-01-11T21:18:12","slug":"company","status":"publish","type":"page","link":"https:\/\/arcticgiant.fi\/en\/company\/","title":{"rendered":"Company"},"content":{"rendered":"\t<section class=\"section dark is-full-height\" id=\"section_1170594381\">\n\t\t<div class=\"bg section-bg fill bg-fill bg-loaded \" >\n\n\t\t\t\n\t\t\t\n\t\t\t\n\n\t\t<\/div>\n\n\t\t\n\n\t\t<div class=\"section-content relative\">\n\t\t\t\n<div class=\"row\"  id=\"row-1559310862\">\n\n\t<div id=\"col-1257951083\" class=\"col small-12 large-12\"  >\n\t\t\t\t<div class=\"col-inner text-center\"  >\n\t\t\t\n\t\t\t\n\n<p><img decoding=\"async\" src=\"\/wp-content\/uploads\/Hero.png\" \/><br \/>\n\n\t<div id=\"gap-432047644\" class=\"gap-element clearfix\" style=\"display:block; height:auto;\">\n\t\t\n<style>\n#gap-432047644 {\n  padding-top: 90px;\n}\n<\/style>\n\t<\/div>\n\t\n<a href=\"https:\/\/arcticgiant.fi\/en\/contact\/\" target=\"_self\" class=\"button white is-outline\"  >\n    <span>Take Contact<\/span>\n  <\/a>\n\n\t\t<\/div>\n\t\t\t\t\t<\/div>\n\n\t\n<\/div>\n\t\t<\/div>\n\n\t\t\n<style>\n#section_1170594381 {\n  padding-top: 30px;\n  padding-bottom: 30px;\n  min-height: 100vh;\n}\n#section_1170594381 .section-bg.bg-loaded {\n  background-image: url(https:\/\/arcticgiant.fi\/wp-content\/uploads\/Hero-5.png);\n}\n#section_1170594381 .section-bg {\n  background-position: 50% 100%;\n}\n<\/style>\n\t<\/section>\n\t\n\t<section class=\"section\" id=\"section_1790280939\">\n\t\t<div class=\"bg section-bg fill bg-fill bg-loaded \" >\n\n\t\t\t\n\t\t\t\n\t\t\t\n\n\t\t<\/div>\n\n\t\t\n\n\t\t<div class=\"section-content relative\">\n\t\t\t\n\t<div id=\"gap-1079862416\" class=\"gap-element clearfix\" style=\"display:block; height:auto;\">\n\t\t\n<style>\n#gap-1079862416 {\n  padding-top: 30px;\n}\n@media (min-width:550px) {\n  #gap-1079862416 {\n    padding-top: 30px;\n  }\n}\n@media (min-width:850px) {\n  #gap-1079862416 {\n    padding-top: 60px;\n  }\n}\n<\/style>\n\t<\/div>\n\t\n<div class=\"row row-large align-middle align-center\"  id=\"row-1607213952\">\n\n\t<div id=\"col-276369482\" class=\"col medium-12 small-12 large-6\"  >\n\t\t\t\t<div class=\"col-inner text-center\"  >\n\t\t\t\n\t\t\t\n\t<div id=\"text-3088013531\" class=\"text\">\n\t\t\n<p class=\"uppercase\"><span style=\"letter-spacing: 1.28px;\">Family-Run HILLTOP Hideaway<\/span><\/p>\n\t\t\n<style>\n#text-3088013531 {\n  text-align: center;\n}\n<\/style>\n\t<\/div>\n\t\n<div class=\"text-center\"><div class=\"is-divider divider clearfix\" style=\"margin-top:15px;margin-bottom:15px;height:2px;background-color:rgb(176, 176, 176);\"><\/div><\/div>\n\t<div id=\"text-2647849857\" class=\"text\">\n\t\t\n<h1>Arctic Giant<\/h1>\n<p data-start=\"281\" data-end=\"461\">Arctic Giant is a Finnish family-owned company based in the beautiful Kainuu region. Our unique hilltop resort on Kivesvaara offers breathtaking 360\u00b0 views of the Arctic landscape.<\/p>\n<p data-start=\"463\" data-end=\"743\">We love welcoming our guests as friends and making sure you feel at home from the very first moment. With cozy and beautiful accommodation, a relaxed and welcoming atmosphere, locally inspired food, and unforgettable experiences in nature, we aim to make every stay truly special.<\/p>\n\t\t\n<style>\n#text-2647849857 {\n  text-align: center;\n}\n<\/style>\n\t<\/div>\n\t\n\t\t<\/div>\n\t\t\t\t\t<\/div>\n\n\t\n\n\t<div id=\"col-948506856\" class=\"col medium-12 small-12 large-6 medium-col-first\"  >\n\t\t\t\t<div class=\"col-inner\"  >\n\t\t\t\n\t\t\t\n\t<div class=\"img has-hover x md-x lg-x y md-y lg-y\" id=\"image_299119276\">\n\t\t\t\t\t\t\t\t<div class=\"img-inner dark\" >\n\t\t\t<img loading=\"lazy\" decoding=\"async\" width=\"569\" height=\"381\" src=\"https:\/\/arcticgiant.fi\/wp-content\/uploads\/Kuva-52.png\" class=\"attachment-original size-original\" alt=\"\" \/>\t\t\t\t\t\t\n\t\t\t\t\t<\/div>\n\t\t\t\t\t\t\t\t\n<style>\n#image_299119276 {\n  width: 100%;\n}\n<\/style>\n\t<\/div>\n\t\n\t\t<\/div>\n\t\t\t\t\t<\/div>\n\n\t\n<\/div>\n\t<div id=\"gap-970844791\" class=\"gap-element clearfix\" style=\"display:block; height:auto;\">\n\t\t\n<style>\n#gap-970844791 {\n  padding-top: 30px;\n}\n@media (min-width:550px) {\n  #gap-970844791 {\n    padding-top: 30px;\n  }\n}\n@media (min-width:850px) {\n  #gap-970844791 {\n    padding-top: 60px;\n  }\n}\n<\/style>\n\t<\/div>\n\t\n<div class=\"row\"  id=\"row-824896652\">\n\n\t<div id=\"col-289341794\" class=\"col small-12 large-12\"  >\n\t\t\t\t<div class=\"col-inner\"  >\n\t\t\t\n\t\t\t\n<div class=\"row row-collapse align-equal align-center\"  id=\"row-1212293460\">\n\n\t<div id=\"col-283561955\" class=\"col medium-12 small-12 large-6\"  >\n\t\t\t\t<div class=\"col-inner\"  >\n\t\t\t\n\t\t\t\n<div class=\"slider-wrapper relative\" id=\"slider-2127290723\" >\n    <div class=\"slider slider-nav-dots-square slider-nav-simple slider-nav-normal slider-nav-light slider-style-normal slider-show-nav\"\n        data-flickity-options='{\n            \"cellAlign\": \"center\",\n            \"imagesLoaded\": true,\n            \"lazyLoad\": 1,\n            \"freeScroll\": false,\n            \"wrapAround\": true,\n            \"autoPlay\": 6000,\n            \"pauseAutoPlayOnHover\" : false,\n            \"prevNextButtons\": false,\n            \"contain\" : true,\n            \"adaptiveHeight\" : true,\n            \"dragThreshold\" : 10,\n            \"percentPosition\": true,\n            \"pageDots\": true,\n            \"rightToLeft\": false,\n            \"draggable\": false,\n            \"selectedAttraction\": 0.1,\n            \"parallax\" : 0,\n            \"friction\": 0.6        }'\n        >\n        \n\n  <div class=\"banner has-hover\" id=\"banner-662130689\">\n          <div class=\"banner-inner fill\">\n        <div class=\"banner-bg fill\" >\n            <div class=\"bg fill bg-fill bg-loaded\"><\/div>\n                                    \n                    <\/div>\n\t\t\n        <div class=\"banner-layers container\">\n            <div class=\"fill banner-link\"><\/div>            \n        <\/div>\n      <\/div>\n\n            \n<style>\n#banner-662130689 {\n  padding-top: 320px;\n}\n#banner-662130689 .bg.bg-loaded {\n  background-image: url(https:\/\/arcticgiant.fi\/wp-content\/uploads\/DSC08281_EDITED-2.jpg);\n}\n#banner-662130689 .bg {\n  background-position: 12% 46%;\n}\n@media (min-width:550px) {\n  #banner-662130689 {\n    padding-top: 520px;\n  }\n}\n<\/style>\n  <\/div>\n\n\n     <\/div>\n\n     <div class=\"loading-spin dark large centered\"><\/div>\n\n\t<\/div>\n\n\n\t\t<\/div>\n\t\t\t\t\t<\/div>\n\n\t\n\n\t<div id=\"col-782380408\" class=\"col medium-12 small-12 large-6\"  >\n\t\t\t\t<div class=\"col-inner text-center\" style=\"background-color:rgb(255,255,255);\" >\n\t\t\t\n\t\t\t\n\t<div id=\"text-3422536517\" class=\"text\">\n\t\t\n<h3>Reception<\/h3>\n\t\t\n<style>\n#text-3422536517 {\n  text-align: center;\n}\n<\/style>\n\t<\/div>\n\t\n\t<div id=\"gap-1299505999\" class=\"gap-element clearfix\" style=\"display:block; height:auto;\">\n\t\t\n<style>\n#gap-1299505999 {\n  padding-top: 15px;\n}\n<\/style>\n\t<\/div>\n\t\n\t<div id=\"text-3937082585\" class=\"text\">\n\t\t\n<p>You\u2019ll find our guest reception on the first floor of the main building. Check-in is from 15:00 to 20:00, and we can\u2019t wait to welcome you! If you\u2019re arriving later, just let us know, and we\u2019ll make sure you have all the information you need for a smooth check-in. Check-out is by 11:00.<\/p>\n<p>Parking is included in our parking lot, so you can relax and start enjoying your stay right away.<\/p>\n\t\t\n<style>\n#text-3937082585 {\n  text-align: center;\n}\n<\/style>\n\t<\/div>\n\t\n\t\t<\/div>\n\t\t\t\t\n<style>\n#col-782380408 > .col-inner {\n  padding: 60px 30px 45px 30px;\n}\n@media (min-width:550px) {\n  #col-782380408 > .col-inner {\n    padding: 60px 30px 45px 30px;\n  }\n}\n@media (min-width:850px) {\n  #col-782380408 > .col-inner {\n    padding: 120px 30px 45px 30px;\n  }\n}\n<\/style>\n\t<\/div>\n\n\t\n<\/div>\n<div class=\"row row-collapse align-equal align-center\"  id=\"row-109460256\">\n\n\t<div id=\"col-1991230987\" class=\"col medium-12 small-12 large-6\"  >\n\t\t\t\t<div class=\"col-inner text-center\" style=\"background-color:rgb(255,255,255);\" >\n\t\t\t\n\t\t\t\n\t<div id=\"text-1182419625\" class=\"text\">\n\t\t\n<h3>The Area<\/h3>\n\t\t\n<style>\n#text-1182419625 {\n  text-align: center;\n}\n<\/style>\n\t<\/div>\n\t\n\t<div id=\"gap-1525301386\" class=\"gap-element clearfix\" style=\"display:block; height:auto;\">\n\t\t\n<style>\n#gap-1525301386 {\n  padding-top: 15px;\n}\n<\/style>\n\t<\/div>\n\t\n\t<div id=\"text-2362460437\" class=\"text\">\n\t\t\n<p>At Arctic Giant, you\u2019re a guest of our giants. We want you to feel at home and enjoy the magic of our surroundings. Our hilltop resort on Kivesvaara is full of scenic spots and hidden paths, and getting around is easy with our handy area map. Every step here is an invitation to relax, explore, and make lasting memories.<\/p>\n\t\t\n<style>\n#text-2362460437 {\n  text-align: center;\n}\n<\/style>\n\t<\/div>\n\t\n\t<div id=\"gap-1757684800\" class=\"gap-element clearfix\" style=\"display:block; height:auto;\">\n\t\t\n<style>\n#gap-1757684800 {\n  padding-top: 30px;\n}\n<\/style>\n\t<\/div>\n\t\n<a class=\"button secondary is-outline\"  >\n    <span>Area Map Coming Soon<\/span>\n  <\/a>\n\n\t\t<\/div>\n\t\t\t\t\n<style>\n#col-1991230987 > .col-inner {\n  padding: 60px 30px 45px 30px;\n}\n@media (min-width:550px) {\n  #col-1991230987 > .col-inner {\n    padding: 60px 30px 45px 30px;\n  }\n}\n@media (min-width:850px) {\n  #col-1991230987 > .col-inner {\n    padding: 120px 30px 45px 30px;\n  }\n}\n<\/style>\n\t<\/div>\n\n\t\n\n\t<div id=\"col-803584880\" class=\"col medium-12 small-12 large-6 medium-col-first\"  >\n\t\t\t\t<div class=\"col-inner\"  >\n\t\t\t\n\t\t\t\n<div class=\"slider-wrapper relative\" id=\"slider-739075623\" >\n    <div class=\"slider slider-nav-dots-square slider-nav-simple slider-nav-normal slider-nav-light slider-style-normal slider-show-nav\"\n        data-flickity-options='{\n            \"cellAlign\": \"center\",\n            \"imagesLoaded\": true,\n            \"lazyLoad\": 1,\n            \"freeScroll\": false,\n            \"wrapAround\": true,\n            \"autoPlay\": 6000,\n            \"pauseAutoPlayOnHover\" : false,\n            \"prevNextButtons\": false,\n            \"contain\" : true,\n            \"adaptiveHeight\" : true,\n            \"dragThreshold\" : 10,\n            \"percentPosition\": true,\n            \"pageDots\": true,\n            \"rightToLeft\": false,\n            \"draggable\": false,\n            \"selectedAttraction\": 0.1,\n            \"parallax\" : 0,\n            \"friction\": 0.6        }'\n        >\n        \n\n  <div class=\"banner has-hover\" id=\"banner-137964842\">\n          <div class=\"banner-inner fill\">\n        <div class=\"banner-bg fill\" >\n            <div class=\"bg fill bg-fill bg-loaded\"><\/div>\n                                    \n                    <\/div>\n\t\t\n        <div class=\"banner-layers container\">\n            <div class=\"fill banner-link\"><\/div>            \n        <\/div>\n      <\/div>\n\n            \n<style>\n#banner-137964842 {\n  padding-top: 320px;\n}\n#banner-137964842 .bg.bg-loaded {\n  background-image: url(https:\/\/arcticgiant.fi\/wp-content\/uploads\/Kuva-54.png);\n}\n#banner-137964842 .bg {\n  background-position: 50% 50%;\n}\n@media (min-width:550px) {\n  #banner-137964842 {\n    padding-top: 520px;\n  }\n}\n<\/style>\n  <\/div>\n\n\n     <\/div>\n\n     <div class=\"loading-spin dark large centered\"><\/div>\n\n\t<\/div>\n\n\n\t\t<\/div>\n\t\t\t\t\t<\/div>\n\n\t\n<\/div>\n\t\t<\/div>\n\t\t\t\t\t<\/div>\n\n\t\n<\/div>\n<div class=\"row row-large align-middle align-center\"  id=\"row-1100186015\">\n\n\t<div id=\"col-1769596925\" class=\"col medium-12 small-12 large-12 medium-col-first\"  >\n\t\t\t\t<div class=\"col-inner text-center\"  >\n\t\t\t\n\t\t\t\n<span class=\"scroll-to\" data-label=\"Scroll to: #welcome\" data-bullet=\"false\" data-link=\"#welcome\" data-title=\"Welcome\" data-offset-type=\"custom\" data-offset=\"30\" ><a name=\"welcome\"><\/a><\/span>\n\t<div id=\"text-3398855932\" class=\"text\">\n\t\t\n<h3>Welcome<\/h3>\n<p><span style=\"font-size: 18px; line-height: 32px;\">Visiting Address\uff5cTaikalinna \/ J\u00e4ttil\u00e4isenmaa, Kivesvaarantie 40, Kivesj\u00e4rvi, 88300 Paltamo<\/span><br \/>\n<span style=\"font-size: 18px; line-height: 32px;\">Postal Address\uff5cJ\u00e4ttil\u00e4isenmaa, Kiehim\u00e4ntie 26, 88300 Paltamo<\/span><br \/>\n<span style=\"font-size: 18px; line-height: 32px;\">Tel. <a href=\"tel:+358 40 7487 391\">+358 40 7487 391<\/a> \uff5c<a href=\"mailto:posti@arcticgiant.fi\">Posti(\u00e4)arcticgiant.fi<\/a><\/span><br \/>\n\t\t\n<style>\n#text-3398855932 {\n  text-align: center;\n}\n<\/style>\n\t<\/div>\n\t\n\t<div id=\"gap-288128037\" class=\"gap-element clearfix\" style=\"display:block; height:auto;\">\n\t\t\n<style>\n#gap-288128037 {\n  padding-top: 0px;\n}\n@media (min-width:850px) {\n  #gap-288128037 {\n    padding-top: 30px;\n  }\n}\n<\/style>\n\t<\/div>\n\t\n\n<p><iframe loading=\"lazy\" style=\"border: none;\" src=\"https:\/\/snazzymaps.com\/embed\/495988\" width=\"100%\" height=\"520px\"><\/iframe><br \/>\n\n\t<div id=\"gap-338048787\" class=\"gap-element clearfix\" style=\"display:block; height:auto;\">\n\t\t\n<style>\n#gap-338048787 {\n  padding-top: 0px;\n}\n@media (min-width:850px) {\n  #gap-338048787 {\n    padding-top: 30px;\n  }\n}\n<\/style>\n\t<\/div>\n\t\n\t<div id=\"text-1280393522\" class=\"text\">\n\t\t\n<h3>Driving Guidance<\/h3>\n\t\t\n<style>\n#text-1280393522 {\n  text-align: center;\n}\n<\/style>\n\t<\/div>\n\t\n\t<div id=\"gap-619264854\" class=\"gap-element clearfix\" style=\"display:block; height:auto;\">\n\t\t\n<style>\n#gap-619264854 {\n  padding-top: 0px;\n}\n@media (min-width:850px) {\n  #gap-619264854 {\n    padding-top: 30px;\n  }\n}\n<\/style>\n\t<\/div>\n\t\n<div class=\"row\"  id=\"row-1361893238\">\n\n\t<div id=\"col-1144691975\" class=\"col medium-4 small-12 large-4\"  >\n\t\t\t\t<div class=\"col-inner\"  >\n\t\t\t\n\t\t\t\n\t<div id=\"text-3018940611\" class=\"text\">\n\t\t\n<p><span style=\"letter-spacing: normal;\"><strong>You can find us<\/strong> in Kivesvaara, 20 km from the village of Paltamo (at the bridges) towards Oulu (along highway 22). Turn right (Kivesvaara 4) at the intersection sign: &#8220;El\u00e4myskeskus J\u00e4ttil\u00e4isenmaa&#8221;. Drive straight up the main road without turning for 4 km. After this, the main building and parking lot should be visible on the left. <\/span><br \/>\n\t\t\n<style>\n#text-3018940611 {\n  text-align: center;\n}\n@media (min-width:550px) {\n  #text-3018940611 {\n    text-align: left;\n  }\n}\n<\/style>\n\t<\/div>\n\t\n\t\t<\/div>\n\t\t\t\t\t<\/div>\n\n\t\n\n\t<div id=\"col-962247495\" class=\"col medium-4 small-12 large-4\"  >\n\t\t\t\t<div class=\"col-inner\"  >\n\t\t\t\n\t\t\t\n\t<div id=\"text-1834543348\" class=\"text\">\n\t\t\n<p><span style=\"letter-spacing: normal;\"><strong>Coming from the direction of Kajaani:<\/strong> Highway E5 and highway 22 towards Oulu 56 km. Let&#8217;s turn right (Kivesvaara 4). At the intersection, there was a sign &#8220;El\u00e4myskeskus J\u00e4ttilaisenmaa&#8221;. Drive straight up the main road without turning for 4 km. After this, the main building and parking lot should be visible on the left.<\/span><br \/>\n\t\t\n<style>\n#text-1834543348 {\n  text-align: center;\n}\n@media (min-width:550px) {\n  #text-1834543348 {\n    text-align: left;\n  }\n}\n<\/style>\n\t<\/div>\n\t\n\t\t<\/div>\n\t\t\t\t\t<\/div>\n\n\t\n\n\t<div id=\"col-334267678\" class=\"col medium-4 small-12 large-4\"  >\n\t\t\t\t<div class=\"col-inner\"  >\n\t\t\t\n\t\t\t\n\t<div id=\"text-3894889941\" class=\"text\">\n\t\t\n<p><span style=\"letter-spacing: normal;\"><strong>Coming from the direction of Oulu:<\/strong> Highway 22 towards Kajaani 130 km. Immediately after the Kivesj\u00e4rvi bridges, turn left. (Kivesvaara 4) At the intersection there is a sign &#8220;El\u00e4myskeskus J\u00e4ttilaisenmaa&#8221;. Drive straight up the main road without turning for 4 km. After this, the main building and parking lot should be visible on the left.<\/span><br \/>\n\t\t\n<style>\n#text-3894889941 {\n  text-align: center;\n}\n@media (min-width:550px) {\n  #text-3894889941 {\n    text-align: left;\n  }\n}\n<\/style>\n\t<\/div>\n\t\n\t\t<\/div>\n\t\t\t\t\t<\/div>\n\n\t\n<\/div>\n\t\t<\/div>\n\t\t\t\t\n<style>\n#col-1769596925 > .col-inner {\n  margin: 0px 0px -30px 0px;\n}\n<\/style>\n\t<\/div>\n\n\t\n<\/div>\n\t<div id=\"gap-2102524096\" class=\"gap-element clearfix\" style=\"display:block; height:auto;\">\n\t\t\n<style>\n#gap-2102524096 {\n  padding-top: 30px;\n}\n@media (min-width:850px) {\n  #gap-2102524096 {\n    padding-top: 60px;\n  }\n}\n<\/style>\n\t<\/div>\n\t\n\t\t<\/div>\n\n\t\t\n<style>\n#section_1790280939 {\n  padding-top: 30px;\n  padding-bottom: 30px;\n}\n#section_1790280939 .section-bg.bg-loaded {\n  background-image: url(https:\/\/arcticgiant.fi\/wp-content\/uploads\/Tausta.png);\n}\n#section_1790280939 .section-bg {\n  background-position: 50% 0%;\n}\n<\/style>\n\t<\/section>\n\t\n","protected":false},"excerpt":{"rendered":"","protected":false},"author":1,"featured_media":0,"parent":0,"menu_order":0,"comment_status":"closed","ping_status":"closed","template":"page-blank.php","meta":{"footnotes":""},"class_list":["post-906","page","type-page","status-publish","hentry"],"yoast_head":"<!-- This site is optimized with the Yoast SEO plugin v26.2 - https:\/\/yoast.com\/wordpress\/plugins\/seo\/ -->\n<title>J\u00e4ttil\u00e4isenmaa &#8211; Company &#8211; Arctic Giant<\/title>\n<meta name=\"description\" content=\"J\u00e4ttil\u00e4isenmaa is a family business from Kainuu that offers experiential accommodation, restaurant and safari services. Read more.\" \/>\n<meta name=\"robots\" content=\"index, follow, max-snippet:-1, max-image-preview:large, max-video-preview:-1\" \/>\n<link rel=\"canonical\" href=\"https:\/\/arcticgiant.fi\/en\/company\/\" \/>\n<meta property=\"og:locale\" content=\"en_US\" \/>\n<meta property=\"og:type\" content=\"article\" \/>\n<meta property=\"og:title\" content=\"J\u00e4ttil\u00e4isenmaa &#8211; Company &#8211; Arctic Giant\" \/>\n<meta property=\"og:description\" content=\"J\u00e4ttil\u00e4isenmaa is a family business from Kainuu that offers experiential accommodation, restaurant and safari services. Read more.\" \/>\n<meta property=\"og:url\" content=\"https:\/\/arcticgiant.fi\/en\/company\/\" \/>\n<meta property=\"og:site_name\" content=\"Arctic Giant\" \/>\n<meta property=\"article:publisher\" content=\"https:\/\/facebook.com\/arcticgiant\/\" \/>\n<meta property=\"article:modified_time\" content=\"2026-01-11T21:18:12+00:00\" \/>\n<meta property=\"og:image\" content=\"https:\/\/arcticgiant.fi\/wp-content\/uploads\/Placeholder-1200x675-1.png\" \/>\n\t<meta property=\"og:image:width\" content=\"1200\" \/>\n\t<meta property=\"og:image:height\" content=\"675\" \/>\n\t<meta property=\"og:image:type\" content=\"image\/png\" \/>\n<meta name=\"twitter:card\" content=\"summary_large_image\" \/>\n<meta name=\"twitter:label1\" content=\"Est. reading time\" \/>\n\t<meta name=\"twitter:data1\" content=\"5 minutes\" \/>\n<script type=\"application\/ld+json\" class=\"yoast-schema-graph\">{\"@context\":\"https:\/\/schema.org\",\"@graph\":[{\"@type\":\"WebPage\",\"@id\":\"https:\/\/arcticgiant.fi\/en\/company\/\",\"url\":\"https:\/\/arcticgiant.fi\/en\/company\/\",\"name\":\"J\u00e4ttil\u00e4isenmaa &#8211; Company &#8211; Arctic Giant\",\"isPartOf\":{\"@id\":\"https:\/\/arcticgiant.fi\/en\/#website\"},\"datePublished\":\"2023-05-22T11:00:57+00:00\",\"dateModified\":\"2026-01-11T21:18:12+00:00\",\"description\":\"J\u00e4ttil\u00e4isenmaa is a family business from Kainuu that offers experiential accommodation, restaurant and safari services. Read more.\",\"breadcrumb\":{\"@id\":\"https:\/\/arcticgiant.fi\/en\/company\/#breadcrumb\"},\"inLanguage\":\"en-US\",\"potentialAction\":[{\"@type\":\"ReadAction\",\"target\":[\"https:\/\/arcticgiant.fi\/en\/company\/\"]}]},{\"@type\":\"BreadcrumbList\",\"@id\":\"https:\/\/arcticgiant.fi\/en\/company\/#breadcrumb\",\"itemListElement\":[{\"@type\":\"ListItem\",\"position\":1,\"name\":\"Arctic Giant\",\"item\":\"https:\/\/arcticgiant.fi\/en\/\"},{\"@type\":\"ListItem\",\"position\":2,\"name\":\"Company\"}]},{\"@type\":\"WebSite\",\"@id\":\"https:\/\/arcticgiant.fi\/en\/#website\",\"url\":\"https:\/\/arcticgiant.fi\/en\/\",\"name\":\"Arctic Giant Birdhouse Hotel\",\"description\":\"N\u00e4e maailma j\u00e4ttil\u00e4isen silmin\",\"publisher\":{\"@id\":\"https:\/\/arcticgiant.fi\/en\/#organization\"},\"alternateName\":\"Arctic Giant\",\"potentialAction\":[{\"@type\":\"SearchAction\",\"target\":{\"@type\":\"EntryPoint\",\"urlTemplate\":\"https:\/\/arcticgiant.fi\/en\/?s={search_term_string}\"},\"query-input\":{\"@type\":\"PropertyValueSpecification\",\"valueRequired\":true,\"valueName\":\"search_term_string\"}}],\"inLanguage\":\"en-US\"},{\"@type\":\"Organization\",\"@id\":\"https:\/\/arcticgiant.fi\/en\/#organization\",\"name\":\"Arctic Giant Birdhouse Hotel\",\"alternateName\":\"Arctic Giant\",\"url\":\"https:\/\/arcticgiant.fi\/en\/\",\"logo\":{\"@type\":\"ImageObject\",\"inLanguage\":\"en-US\",\"@id\":\"https:\/\/arcticgiant.fi\/en\/#\/schema\/logo\/image\/\",\"url\":\"https:\/\/arcticgiant.fi\/wp-content\/uploads\/Placeholder-696x696-1.png\",\"contentUrl\":\"https:\/\/arcticgiant.fi\/wp-content\/uploads\/Placeholder-696x696-1.png\",\"width\":696,\"height\":696,\"caption\":\"Arctic Giant Birdhouse Hotel\"},\"image\":{\"@id\":\"https:\/\/arcticgiant.fi\/en\/#\/schema\/logo\/image\/\"},\"sameAs\":[\"https:\/\/facebook.com\/arcticgiant\/\",\"https:\/\/instagram.com\/arcticgiant_jattilaisenmaa\/\",\"https:\/\/www.youtube.com\/@arctic_giant\/\",\"https:\/\/www.tiktok.com\/@arcticgiantfi\/\"]}]}<\/script>\n<!-- \/ Yoast SEO plugin. -->","yoast_head_json":{"title":"J\u00e4ttil\u00e4isenmaa &#8211; Company &#8211; Arctic Giant","description":"J\u00e4ttil\u00e4isenmaa is a family business from Kainuu that offers experiential accommodation, restaurant and safari services. Read more.","robots":{"index":"index","follow":"follow","max-snippet":"max-snippet:-1","max-image-preview":"max-image-preview:large","max-video-preview":"max-video-preview:-1"},"canonical":"https:\/\/arcticgiant.fi\/en\/company\/","og_locale":"en_US","og_type":"article","og_title":"J\u00e4ttil\u00e4isenmaa &#8211; Company &#8211; Arctic Giant","og_description":"J\u00e4ttil\u00e4isenmaa is a family business from Kainuu that offers experiential accommodation, restaurant and safari services. Read more.","og_url":"https:\/\/arcticgiant.fi\/en\/company\/","og_site_name":"Arctic Giant","article_publisher":"https:\/\/facebook.com\/arcticgiant\/","article_modified_time":"2026-01-11T21:18:12+00:00","og_image":[{"width":1200,"height":675,"url":"https:\/\/arcticgiant.fi\/wp-content\/uploads\/Placeholder-1200x675-1.png","type":"image\/png"}],"twitter_card":"summary_large_image","twitter_misc":{"Est. reading time":"5 minutes"},"schema":{"@context":"https:\/\/schema.org","@graph":[{"@type":"WebPage","@id":"https:\/\/arcticgiant.fi\/en\/company\/","url":"https:\/\/arcticgiant.fi\/en\/company\/","name":"J\u00e4ttil\u00e4isenmaa &#8211; Company &#8211; Arctic Giant","isPartOf":{"@id":"https:\/\/arcticgiant.fi\/en\/#website"},"datePublished":"2023-05-22T11:00:57+00:00","dateModified":"2026-01-11T21:18:12+00:00","description":"J\u00e4ttil\u00e4isenmaa is a family business from Kainuu that offers experiential accommodation, restaurant and safari services. Read more.","breadcrumb":{"@id":"https:\/\/arcticgiant.fi\/en\/company\/#breadcrumb"},"inLanguage":"en-US","potentialAction":[{"@type":"ReadAction","target":["https:\/\/arcticgiant.fi\/en\/company\/"]}]},{"@type":"BreadcrumbList","@id":"https:\/\/arcticgiant.fi\/en\/company\/#breadcrumb","itemListElement":[{"@type":"ListItem","position":1,"name":"Arctic Giant","item":"https:\/\/arcticgiant.fi\/en\/"},{"@type":"ListItem","position":2,"name":"Company"}]},{"@type":"WebSite","@id":"https:\/\/arcticgiant.fi\/en\/#website","url":"https:\/\/arcticgiant.fi\/en\/","name":"Arctic Giant Birdhouse Hotel","description":"N\u00e4e maailma j\u00e4ttil\u00e4isen silmin","publisher":{"@id":"https:\/\/arcticgiant.fi\/en\/#organization"},"alternateName":"Arctic Giant","potentialAction":[{"@type":"SearchAction","target":{"@type":"EntryPoint","urlTemplate":"https:\/\/arcticgiant.fi\/en\/?s={search_term_string}"},"query-input":{"@type":"PropertyValueSpecification","valueRequired":true,"valueName":"search_term_string"}}],"inLanguage":"en-US"},{"@type":"Organization","@id":"https:\/\/arcticgiant.fi\/en\/#organization","name":"Arctic Giant Birdhouse Hotel","alternateName":"Arctic Giant","url":"https:\/\/arcticgiant.fi\/en\/","logo":{"@type":"ImageObject","inLanguage":"en-US","@id":"https:\/\/arcticgiant.fi\/en\/#\/schema\/logo\/image\/","url":"https:\/\/arcticgiant.fi\/wp-content\/uploads\/Placeholder-696x696-1.png","contentUrl":"https:\/\/arcticgiant.fi\/wp-content\/uploads\/Placeholder-696x696-1.png","width":696,"height":696,"caption":"Arctic Giant Birdhouse Hotel"},"image":{"@id":"https:\/\/arcticgiant.fi\/en\/#\/schema\/logo\/image\/"},"sameAs":["https:\/\/facebook.com\/arcticgiant\/","https:\/\/instagram.com\/arcticgiant_jattilaisenmaa\/","https:\/\/www.youtube.com\/@arctic_giant\/","https:\/\/www.tiktok.com\/@arcticgiantfi\/"]}]}},"_links":{"self":[{"href":"https:\/\/arcticgiant.fi\/en\/wp-json\/wp\/v2\/pages\/906","targetHints":{"allow":["GET"]}}],"collection":[{"href":"https:\/\/arcticgiant.fi\/en\/wp-json\/wp\/v2\/pages"}],"about":[{"href":"https:\/\/arcticgiant.fi\/en\/wp-json\/wp\/v2\/types\/page"}],"author":[{"embeddable":true,"href":"https:\/\/arcticgiant.fi\/en\/wp-json\/wp\/v2\/users\/1"}],"replies":[{"embeddable":true,"href":"https:\/\/arcticgiant.fi\/en\/wp-json\/wp\/v2\/comments?post=906"}],"version-history":[{"count":0,"href":"https:\/\/arcticgiant.fi\/en\/wp-json\/wp\/v2\/pages\/906\/revisions"}],"wp:attachment":[{"href":"https:\/\/arcticgiant.fi\/en\/wp-json\/wp\/v2\/media?parent=906"}],"curies":[{"name":"wp","href":"https:\/\/api.w.org\/{rel}","templated":true}]}}