{"id":904,"date":"2023-05-23T12:00:28","date_gmt":"2023-05-23T09:00:28","guid":{"rendered":"https:\/\/arcticgiant.fi\/v2\/?page_id=904"},"modified":"2023-08-15T21:50:35","modified_gmt":"2023-08-15T18:50:35","slug":"contact","status":"publish","type":"page","link":"https:\/\/arcticgiant.fi\/en\/contact\/","title":{"rendered":"Contact"},"content":{"rendered":"\t<section class=\"section\" id=\"section_1994052026\">\n\t\t<div class=\"bg section-bg fill bg-fill bg-loaded \" >\n\n\t\t\t\n\t\t\t\n\t\t\t\n\n\t\t<\/div>\n\n\t\t\n\n\t\t<div class=\"section-content relative\">\n\t\t\t\n\t<div id=\"gap-1560874628\" class=\"gap-element clearfix\" style=\"display:block; height:auto;\">\n\t\t\n<style>\n#gap-1560874628 {\n  padding-top: 30px;\n}\n@media (min-width:850px) {\n  #gap-1560874628 {\n    padding-top: 60px;\n  }\n}\n<\/style>\n\t<\/div>\n\t\n<div class=\"row row-large align-middle align-center\"  id=\"row-1849047711\">\n\n\t<div id=\"col-746704417\" class=\"col medium-12 small-12 large-11\"  >\n\t\t\t\t<div class=\"col-inner text-center\"  >\n\t\t\t\n\t\t\t\n\t<div id=\"text-4240145224\" class=\"text\">\n\t\t\n<h3>Contact<\/h3>\n<p>All kinds of inquiries regarding the availability of accommodation services, restaurant on demand, sauna services or meeting services can also be handled conveniently using the form below. Leave your tree mark in the form, and we will answer you as soon as possible.<\/p>\n\t\t\n<style>\n#text-4240145224 {\n  text-align: center;\n}\n<\/style>\n\t<\/div>\n\t\n\t\t<\/div>\n\t\t\t\t\t<\/div>\n\n\t\n<\/div>\n\t<div id=\"gap-1350104774\" class=\"gap-element clearfix\" style=\"display:block; height:auto;\">\n\t\t\n<style>\n#gap-1350104774 {\n  padding-top: 30px;\n}\n<\/style>\n\t<\/div>\n\t\n<div class=\"row align-center\"  id=\"row-497648044\">\n\n\t<div id=\"col-341676839\" class=\"col medium-11 small-12 large-11\"  >\n\t\t\t\t<div class=\"col-inner\"  >\n\t\t\t\n\t\t\t\n\n<div class=\"forminator-ui forminator-custom-form forminator-custom-form-1299 forminator-design--flat  forminator_ajax\" data-forminator-render=\"0\" data-form=\"forminator-module-1299\" data-uid=\"69ea23cf56b91\"><br\/><\/div><form\r\n\t\t\t\tid=\"forminator-module-1299\"\r\n\t\t\t\tclass=\"forminator-ui forminator-custom-form forminator-custom-form-1299 forminator-design--flat  forminator_ajax\"\r\n\t\t\t\tmethod=\"post\"\r\n\t\t\t\tdata-forminator-render=\"0\"\r\n\t\t\t\tdata-form-id=\"1299\"\r\n\t\t\t\t data-color-option=\"default\" data-design=\"flat\" data-grid=\"open\" style=\"display: none;\"\r\n\t\t\t\tdata-uid=\"69ea23cf56b91\"\r\n\t\t\t><div role=\"alert\" aria-live=\"polite\" class=\"forminator-response-message forminator-error\" aria-hidden=\"true\"><\/div><div class=\"forminator-row\"><div id=\"select-1\" class=\"forminator-field-select forminator-col forminator-col-6 \"><div class=\"forminator-field\"><label for=\"forminator-form-1299__field--select-1_69ea23cf56b91\" id=\"forminator-form-1299__field--select-1_69ea23cf56b91-label\" class=\"forminator-label\">Which service is your issue about?<\/label><select  id=\"forminator-form-1299__field--select-1_69ea23cf56b91\" class=\"forminator-select--field forminator-select2 forminator-select2-multiple\" data-required=\"\" name=\"select-1\" data-default-value=\"\" data-hidden-behavior=\"zero\" data-placeholder=\"Which service is your issue about?\" data-search=\"false\" data-search-placeholder=\"Which service is your issue about?\" data-checkbox=\"false\" data-allow-clear=\"false\" aria-labelledby=\"forminator-form-1299__field--select-1_69ea23cf56b91-label\"><option value=\"\"  >Which service is your issue about?<\/option><option value=\"Accommodation\"  data-calculation=\"0\">Accommodation<\/option><option value=\"Restaurant Order\"  data-calculation=\"0\">Restaurant Order<\/option><option value=\"Activities\"  data-calculation=\"0\">Activities<\/option><option value=\"For Groups\"  data-calculation=\"0\">For Groups<\/option><\/select><\/div><\/div><div id=\"text-5\" class=\"forminator-field-text forminator-col forminator-col-6 \"><div class=\"forminator-field\"><label for=\"forminator-field-text-5_69ea23cf56b91\" id=\"forminator-field-text-5_69ea23cf56b91-label\" class=\"forminator-label\">How many people is coming?<\/label><input type=\"text\" name=\"text-5\" value=\"\" placeholder=\"How many people is coming?\" id=\"forminator-field-text-5_69ea23cf56b91\" class=\"forminator-input forminator-name--field\" data-required=\"\" \/><\/div><\/div><\/div><div class=\"forminator-row\"><div id=\"text-1\" class=\"forminator-field-text forminator-col forminator-col-6 \"><div class=\"forminator-field\"><label for=\"forminator-field-text-1_69ea23cf56b91\" id=\"forminator-field-text-1_69ea23cf56b91-label\" class=\"forminator-label\">Name <span class=\"forminator-required\">*<\/span><\/label><input type=\"text\" name=\"text-1\" value=\"\" placeholder=\"Name\" id=\"forminator-field-text-1_69ea23cf56b91\" class=\"forminator-input forminator-name--field\" data-required=\"1\" \/><\/div><\/div><div id=\"text-2\" class=\"forminator-field-text forminator-col forminator-col-6 \"><div class=\"forminator-field\"><label for=\"forminator-field-text-2_69ea23cf56b91\" id=\"forminator-field-text-2_69ea23cf56b91-label\" class=\"forminator-label\">Company<\/label><input type=\"text\" name=\"text-2\" value=\"\" placeholder=\"Company\" id=\"forminator-field-text-2_69ea23cf56b91\" class=\"forminator-input forminator-name--field\" data-required=\"\" \/><\/div><\/div><\/div><div class=\"forminator-row\"><div id=\"text-3\" class=\"forminator-field-text forminator-col forminator-col-6 \"><div class=\"forminator-field\"><label for=\"forminator-field-text-3_69ea23cf56b91\" id=\"forminator-field-text-3_69ea23cf56b91-label\" class=\"forminator-label\">Phone Number <span class=\"forminator-required\">*<\/span><\/label><input type=\"text\" name=\"text-3\" value=\"\" placeholder=\"Phone Number\" id=\"forminator-field-text-3_69ea23cf56b91\" class=\"forminator-input forminator-name--field\" data-required=\"1\" \/><\/div><\/div><div id=\"text-4\" class=\"forminator-field-text forminator-col forminator-col-6 \"><div class=\"forminator-field\"><label for=\"forminator-field-text-4_69ea23cf56b91\" id=\"forminator-field-text-4_69ea23cf56b91-label\" class=\"forminator-label\">Email <span class=\"forminator-required\">*<\/span><\/label><input type=\"text\" name=\"text-4\" value=\"\" placeholder=\"Email\" id=\"forminator-field-text-4_69ea23cf56b91\" class=\"forminator-input forminator-name--field\" data-required=\"1\" \/><\/div><\/div><\/div><div class=\"forminator-row\"><div id=\"date-1\" class=\"forminator-field-date forminator-col forminator-col-6 \"><div class=\"forminator-field\"><label for=\"forminator-field-date-1-picker_69ea23cf56b91\" id=\"forminator-field-date-1-picker_69ea23cf56b91-label\" class=\"forminator-label\">Start Date<\/label><input autocomplete=\"off\" type=\"text\" size=\"1\" name=\"date-1\" value=\"\" placeholder=\"Start Date\" id=\"forminator-field-date-1-picker_69ea23cf56b91\" class=\"forminator-input forminator-datepicker\" data-required=\"\" data-format=\"dd.mm.yy\" data-restrict-type=\"\" data-restrict=\"\" data-start-year=\"1926\" data-end-year=\"2126\" data-past-dates=\"enable\" data-start-of-week=\"1\" data-start-date=\"\" data-end-date=\"\" data-start-field=\"\" data-end-field=\"\" data-start-offset=\"\" data-end-offset=\"\" data-disable-date=\"\" data-disable-range=\"\" \/><\/div><\/div><div id=\"date-2\" class=\"forminator-field-date forminator-col forminator-col-6 \"><div class=\"forminator-field\"><label for=\"forminator-field-date-2-picker_69ea23cf56b91\" id=\"forminator-field-date-2-picker_69ea23cf56b91-label\" class=\"forminator-label\">End Date<\/label><input autocomplete=\"off\" type=\"text\" size=\"1\" name=\"date-2\" value=\"\" placeholder=\"End Date\" id=\"forminator-field-date-2-picker_69ea23cf56b91\" class=\"forminator-input forminator-datepicker\" data-required=\"\" data-format=\"dd.mm.yy\" data-restrict-type=\"\" data-restrict=\"\" data-start-year=\"1926\" data-end-year=\"2126\" data-past-dates=\"enable\" data-start-of-week=\"1\" data-start-date=\"\" data-end-date=\"\" data-start-field=\"\" data-end-field=\"\" data-start-offset=\"\" data-end-offset=\"\" data-disable-date=\"\" data-disable-range=\"\" \/><\/div><\/div><\/div><div class=\"forminator-row\"><div id=\"textarea-1\" class=\"forminator-field-textarea forminator-col forminator-col-12 \"><div class=\"forminator-field\"><label for=\"forminator-field-textarea-1_69ea23cf56b91\" id=\"forminator-field-textarea-1_69ea23cf56b91-label\" class=\"forminator-label\">Message <span class=\"forminator-required\">*<\/span><\/label><textarea name=\"textarea-1\" placeholder=\"Message\" id=\"forminator-field-textarea-1_69ea23cf56b91\" class=\"forminator-textarea\" rows=\"6\" style=\"min-height:140px;\" ><\/textarea><\/div><\/div><\/div><input type=\"hidden\" name=\"referer_url\" value=\"\" \/><div class=\"forminator-row forminator-row-last\"><div class=\"forminator-col\"><div class=\"forminator-field\"><button class=\"forminator-button forminator-button-submit\">Send Message<\/button><\/div><\/div><\/div><input type=\"hidden\" id=\"forminator_nonce\" name=\"forminator_nonce\" value=\"6737afe7f6\" \/><input type=\"hidden\" name=\"_wp_http_referer\" value=\"\/en\/wp-json\/wp\/v2\/pages\/904\" \/><input type=\"hidden\" name=\"form_id\" value=\"1299\"><input type=\"hidden\" name=\"page_id\" value=\"904\"><input type=\"hidden\" name=\"form_type\" value=\"default\"><input type=\"hidden\" name=\"current_url\" value=\"https:\/\/arcticgiant.fi\/en\/contact\/\"><input type=\"hidden\" name=\"render_id\" value=\"0\"><input type=\"hidden\" name=\"action\" value=\"forminator_submit_form_custom-forms\"><\/form>\n\n\t\t<\/div>\n\t\t\t\t\t<\/div>\n\n\t\n<\/div>\n\t\t<\/div>\n\n\t\t\n<style>\n#section_1994052026 {\n  padding-top: 30px;\n  padding-bottom: 30px;\n}\n#section_1994052026 .section-bg.bg-loaded {\n  background-image: url(https:\/\/arcticgiant.fi\/wp-content\/uploads\/Tausta.png);\n}\n#section_1994052026 .section-bg {\n  background-position: 50% 0%;\n}\n<\/style>\n\t<\/section>\n\t\n","protected":false},"excerpt":{"rendered":"","protected":false},"author":1,"featured_media":0,"parent":0,"menu_order":0,"comment_status":"closed","ping_status":"closed","template":"page-blank.php","meta":{"footnotes":""},"class_list":["post-904","page","type-page","status-publish","hentry"],"yoast_head":"<!-- This site is optimized with the Yoast SEO plugin v26.2 - https:\/\/yoast.com\/wordpress\/plugins\/seo\/ -->\n<title>Contact &#8211; Arctic Giant<\/title>\n<meta name=\"description\" content=\"Leave your tree mark in the contact form, and we will answer you as soon as possible.\" \/>\n<meta name=\"robots\" content=\"index, follow, max-snippet:-1, max-image-preview:large, max-video-preview:-1\" \/>\n<link rel=\"canonical\" href=\"https:\/\/arcticgiant.fi\/en\/contact\/\" \/>\n<meta property=\"og:locale\" content=\"en_US\" \/>\n<meta property=\"og:type\" content=\"article\" \/>\n<meta property=\"og:title\" content=\"Contact &#8211; Arctic Giant\" \/>\n<meta property=\"og:description\" content=\"Leave your tree mark in the contact form, and we will answer you as soon as possible.\" \/>\n<meta property=\"og:url\" content=\"https:\/\/arcticgiant.fi\/en\/contact\/\" \/>\n<meta property=\"og:site_name\" content=\"Arctic Giant\" \/>\n<meta property=\"article:publisher\" content=\"https:\/\/facebook.com\/arcticgiant\/\" \/>\n<meta property=\"article:modified_time\" content=\"2023-08-15T18:50:35+00:00\" \/>\n<meta property=\"og:image\" content=\"https:\/\/arcticgiant.fi\/wp-content\/uploads\/Placeholder-1200x675-1.png\" \/>\n\t<meta property=\"og:image:width\" content=\"1200\" \/>\n\t<meta property=\"og:image:height\" content=\"675\" \/>\n\t<meta property=\"og:image:type\" content=\"image\/png\" \/>\n<meta name=\"twitter:card\" content=\"summary_large_image\" \/>\n<meta name=\"twitter:label1\" content=\"Est. reading time\" \/>\n\t<meta name=\"twitter:data1\" content=\"1 minute\" \/>\n<script type=\"application\/ld+json\" class=\"yoast-schema-graph\">{\"@context\":\"https:\/\/schema.org\",\"@graph\":[{\"@type\":\"WebPage\",\"@id\":\"https:\/\/arcticgiant.fi\/en\/contact\/\",\"url\":\"https:\/\/arcticgiant.fi\/en\/contact\/\",\"name\":\"Contact &#8211; Arctic Giant\",\"isPartOf\":{\"@id\":\"https:\/\/arcticgiant.fi\/en\/#website\"},\"datePublished\":\"2023-05-23T09:00:28+00:00\",\"dateModified\":\"2023-08-15T18:50:35+00:00\",\"description\":\"Leave your tree mark in the contact form, and we will answer you as soon as possible.\",\"breadcrumb\":{\"@id\":\"https:\/\/arcticgiant.fi\/en\/contact\/#breadcrumb\"},\"inLanguage\":\"en-US\",\"potentialAction\":[{\"@type\":\"ReadAction\",\"target\":[\"https:\/\/arcticgiant.fi\/en\/contact\/\"]}]},{\"@type\":\"BreadcrumbList\",\"@id\":\"https:\/\/arcticgiant.fi\/en\/contact\/#breadcrumb\",\"itemListElement\":[{\"@type\":\"ListItem\",\"position\":1,\"name\":\"Arctic Giant\",\"item\":\"https:\/\/arcticgiant.fi\/en\/\"},{\"@type\":\"ListItem\",\"position\":2,\"name\":\"Contact\"}]},{\"@type\":\"WebSite\",\"@id\":\"https:\/\/arcticgiant.fi\/en\/#website\",\"url\":\"https:\/\/arcticgiant.fi\/en\/\",\"name\":\"Arctic Giant Birdhouse Hotel\",\"description\":\"N\u00e4e maailma j\u00e4ttil\u00e4isen silmin\",\"publisher\":{\"@id\":\"https:\/\/arcticgiant.fi\/en\/#organization\"},\"alternateName\":\"Arctic Giant\",\"potentialAction\":[{\"@type\":\"SearchAction\",\"target\":{\"@type\":\"EntryPoint\",\"urlTemplate\":\"https:\/\/arcticgiant.fi\/en\/?s={search_term_string}\"},\"query-input\":{\"@type\":\"PropertyValueSpecification\",\"valueRequired\":true,\"valueName\":\"search_term_string\"}}],\"inLanguage\":\"en-US\"},{\"@type\":\"Organization\",\"@id\":\"https:\/\/arcticgiant.fi\/en\/#organization\",\"name\":\"Arctic Giant Birdhouse Hotel\",\"alternateName\":\"Arctic Giant\",\"url\":\"https:\/\/arcticgiant.fi\/en\/\",\"logo\":{\"@type\":\"ImageObject\",\"inLanguage\":\"en-US\",\"@id\":\"https:\/\/arcticgiant.fi\/en\/#\/schema\/logo\/image\/\",\"url\":\"https:\/\/arcticgiant.fi\/wp-content\/uploads\/Placeholder-696x696-1.png\",\"contentUrl\":\"https:\/\/arcticgiant.fi\/wp-content\/uploads\/Placeholder-696x696-1.png\",\"width\":696,\"height\":696,\"caption\":\"Arctic Giant Birdhouse Hotel\"},\"image\":{\"@id\":\"https:\/\/arcticgiant.fi\/en\/#\/schema\/logo\/image\/\"},\"sameAs\":[\"https:\/\/facebook.com\/arcticgiant\/\",\"https:\/\/instagram.com\/arcticgiant_jattilaisenmaa\/\",\"https:\/\/www.youtube.com\/@arctic_giant\/\",\"https:\/\/www.tiktok.com\/@arcticgiantfi\/\"]}]}<\/script>\n<!-- \/ Yoast SEO plugin. -->","yoast_head_json":{"title":"Contact &#8211; Arctic Giant","description":"Leave your tree mark in the contact form, and we will answer you as soon as possible.","robots":{"index":"index","follow":"follow","max-snippet":"max-snippet:-1","max-image-preview":"max-image-preview:large","max-video-preview":"max-video-preview:-1"},"canonical":"https:\/\/arcticgiant.fi\/en\/contact\/","og_locale":"en_US","og_type":"article","og_title":"Contact &#8211; Arctic Giant","og_description":"Leave your tree mark in the contact form, and we will answer you as soon as possible.","og_url":"https:\/\/arcticgiant.fi\/en\/contact\/","og_site_name":"Arctic Giant","article_publisher":"https:\/\/facebook.com\/arcticgiant\/","article_modified_time":"2023-08-15T18:50:35+00:00","og_image":[{"width":1200,"height":675,"url":"https:\/\/arcticgiant.fi\/wp-content\/uploads\/Placeholder-1200x675-1.png","type":"image\/png"}],"twitter_card":"summary_large_image","twitter_misc":{"Est. reading time":"1 minute"},"schema":{"@context":"https:\/\/schema.org","@graph":[{"@type":"WebPage","@id":"https:\/\/arcticgiant.fi\/en\/contact\/","url":"https:\/\/arcticgiant.fi\/en\/contact\/","name":"Contact &#8211; Arctic Giant","isPartOf":{"@id":"https:\/\/arcticgiant.fi\/en\/#website"},"datePublished":"2023-05-23T09:00:28+00:00","dateModified":"2023-08-15T18:50:35+00:00","description":"Leave your tree mark in the contact form, and we will answer you as soon as possible.","breadcrumb":{"@id":"https:\/\/arcticgiant.fi\/en\/contact\/#breadcrumb"},"inLanguage":"en-US","potentialAction":[{"@type":"ReadAction","target":["https:\/\/arcticgiant.fi\/en\/contact\/"]}]},{"@type":"BreadcrumbList","@id":"https:\/\/arcticgiant.fi\/en\/contact\/#breadcrumb","itemListElement":[{"@type":"ListItem","position":1,"name":"Arctic Giant","item":"https:\/\/arcticgiant.fi\/en\/"},{"@type":"ListItem","position":2,"name":"Contact"}]},{"@type":"WebSite","@id":"https:\/\/arcticgiant.fi\/en\/#website","url":"https:\/\/arcticgiant.fi\/en\/","name":"Arctic Giant Birdhouse Hotel","description":"N\u00e4e maailma j\u00e4ttil\u00e4isen silmin","publisher":{"@id":"https:\/\/arcticgiant.fi\/en\/#organization"},"alternateName":"Arctic Giant","potentialAction":[{"@type":"SearchAction","target":{"@type":"EntryPoint","urlTemplate":"https:\/\/arcticgiant.fi\/en\/?s={search_term_string}"},"query-input":{"@type":"PropertyValueSpecification","valueRequired":true,"valueName":"search_term_string"}}],"inLanguage":"en-US"},{"@type":"Organization","@id":"https:\/\/arcticgiant.fi\/en\/#organization","name":"Arctic Giant Birdhouse Hotel","alternateName":"Arctic Giant","url":"https:\/\/arcticgiant.fi\/en\/","logo":{"@type":"ImageObject","inLanguage":"en-US","@id":"https:\/\/arcticgiant.fi\/en\/#\/schema\/logo\/image\/","url":"https:\/\/arcticgiant.fi\/wp-content\/uploads\/Placeholder-696x696-1.png","contentUrl":"https:\/\/arcticgiant.fi\/wp-content\/uploads\/Placeholder-696x696-1.png","width":696,"height":696,"caption":"Arctic Giant Birdhouse Hotel"},"image":{"@id":"https:\/\/arcticgiant.fi\/en\/#\/schema\/logo\/image\/"},"sameAs":["https:\/\/facebook.com\/arcticgiant\/","https:\/\/instagram.com\/arcticgiant_jattilaisenmaa\/","https:\/\/www.youtube.com\/@arctic_giant\/","https:\/\/www.tiktok.com\/@arcticgiantfi\/"]}]}},"_links":{"self":[{"href":"https:\/\/arcticgiant.fi\/en\/wp-json\/wp\/v2\/pages\/904","targetHints":{"allow":["GET"]}}],"collection":[{"href":"https:\/\/arcticgiant.fi\/en\/wp-json\/wp\/v2\/pages"}],"about":[{"href":"https:\/\/arcticgiant.fi\/en\/wp-json\/wp\/v2\/types\/page"}],"author":[{"embeddable":true,"href":"https:\/\/arcticgiant.fi\/en\/wp-json\/wp\/v2\/users\/1"}],"replies":[{"embeddable":true,"href":"https:\/\/arcticgiant.fi\/en\/wp-json\/wp\/v2\/comments?post=904"}],"version-history":[{"count":0,"href":"https:\/\/arcticgiant.fi\/en\/wp-json\/wp\/v2\/pages\/904\/revisions"}],"wp:attachment":[{"href":"https:\/\/arcticgiant.fi\/en\/wp-json\/wp\/v2\/media?parent=904"}],"curies":[{"name":"wp","href":"https:\/\/api.w.org\/{rel}","templated":true}]}}