{"id":902,"date":"2023-05-23T12:00:55","date_gmt":"2023-05-23T09:00:55","guid":{"rendered":"https:\/\/arcticgiant.fi\/v2\/?page_id=902"},"modified":"2023-08-17T10:08:06","modified_gmt":"2023-08-17T07:08:06","slug":"faq","status":"publish","type":"page","link":"https:\/\/arcticgiant.fi\/en\/faq\/","title":{"rendered":"FAQ"},"content":{"rendered":"\t<section class=\"section\" id=\"section_1090425457\">\n\t\t<div class=\"bg section-bg fill bg-fill bg-loaded \" >\n\n\t\t\t\n\t\t\t\n\t\t\t\n\n\t\t<\/div>\n\n\t\t\n\n\t\t<div class=\"section-content relative\">\n\t\t\t\n\t<div id=\"gap-350460213\" class=\"gap-element clearfix\" style=\"display:block; height:auto;\">\n\t\t\n<style>\n#gap-350460213 {\n  padding-top: 30px;\n}\n@media (min-width:850px) {\n  #gap-350460213 {\n    padding-top: 60px;\n  }\n}\n<\/style>\n\t<\/div>\n\t\n<div class=\"row row-large align-middle align-center\"  id=\"row-1211441454\">\n\n\t<div id=\"col-830484975\" class=\"col medium-12 small-12 large-11\"  >\n\t\t\t\t<div class=\"col-inner text-center\"  >\n\t\t\t\n\t\t\t\n\t<div id=\"text-1602023393\" class=\"text\">\n\t\t\n<h3>Frequently Asked Questions<\/h3>\n<p>Do you have something on your mind, do you need an answer to a question? Read frequently asked questions about our services.<br \/>\n\t\t\n<style>\n#text-1602023393 {\n  text-align: center;\n}\n<\/style>\n\t<\/div>\n\t\n\t\t<\/div>\n\t\t\t\t\t<\/div>\n\n\t\n<\/div>\n\t<div id=\"gap-1493553642\" class=\"gap-element clearfix\" style=\"display:block; height:auto;\">\n\t\t\n<style>\n#gap-1493553642 {\n  padding-top: 30px;\n}\n<\/style>\n\t<\/div>\n\t\n<div class=\"row row-large align-middle align-center\"  id=\"row-1087601726\">\n\n\t<div id=\"col-2123811605\" class=\"col medium-12 small-12 large-11\"  >\n\t\t\t\t<div class=\"col-inner\"  >\n\t\t\t\n\t\t\t\n<div class=\"accordion\">\n\t<div id=\"accordion-2389490463\" class=\"accordion-item\">\n\t\t<a id=\"accordion-2389490463-label\" class=\"accordion-title plain active\" href=\"#accordion-item-which_accommodations_includes_own_outdoor_jacuzzi?\" aria-expanded=\"true\" aria-controls=\"accordion-2389490463-content\" >\n\t\t\t<button class=\"toggle\" aria-label=\"Toggle\"><i class=\"icon-angle-down\"><\/i><\/button>\n\t\t\t<span>Which accommodations includes own outdoor jacuzzi?<\/span>\n\t\t<\/a>\n\t\t<div id=\"accordion-2389490463-content\" class=\"accordion-inner\" style=\"display: block;\" aria-labelledby=\"accordion-2389490463-label\" >\n\t\t\t\n<p>Panoramic House, Arctic House, Aurora Birdhouse and Luxury Birdhouse. Each outdoor jacuzzi is located on its own terrace next to the landscape.<\/p>\n\t\t<\/div>\n\t<\/div>\n\t\n\t<div id=\"accordion-483530705\" class=\"accordion-item\">\n\t\t<a id=\"accordion-483530705-label\" class=\"accordion-title plain\" href=\"#accordion-item-are_pets_welcome?\" aria-expanded=\"false\" aria-controls=\"accordion-483530705-content\" >\n\t\t\t<button class=\"toggle\" aria-label=\"Toggle\"><i class=\"icon-angle-down\"><\/i><\/button>\n\t\t\t<span>Are pets welcome?<\/span>\n\t\t<\/a>\n\t\t<div id=\"accordion-483530705-content\" class=\"accordion-inner\" aria-labelledby=\"accordion-483530705-label\" >\n\t\t\t\n<p>Pet friends are warmly welcome in most of our accommodations.<\/p>\n\t\t<\/div>\n\t<\/div>\n\t\n\t<div id=\"accordion-1689440321\" class=\"accordion-item\">\n\t\t<a id=\"accordion-1689440321-label\" class=\"accordion-title plain\" href=\"#accordion-item-do_i_need_to_book_meals_in_advance?\" aria-expanded=\"false\" aria-controls=\"accordion-1689440321-content\" >\n\t\t\t<button class=\"toggle\" aria-label=\"Toggle\"><i class=\"icon-angle-down\"><\/i><\/button>\n\t\t\t<span>Do I need to book meals in advance?<\/span>\n\t\t<\/a>\n\t\t<div id=\"accordion-1689440321-content\" class=\"accordion-inner\" aria-labelledby=\"accordion-1689440321-label\" >\n\t\t\t\n<p>Our panoramic restaurant Makuhelmi is open by order. Breakfast and dinner reservations should be made 1 day in advance by posti@arcticgiant.fi. You can also book accommodation with half-board.<\/p>\n\t\t<\/div>\n\t<\/div>\n\t\n\t<div id=\"accordion-683017208\" class=\"accordion-item\">\n\t\t<a id=\"accordion-683017208-label\" class=\"accordion-title plain\" href=\"#accordion-item-how_do_you_take_into_account_allergies_and_special_diets?\" aria-expanded=\"false\" aria-controls=\"accordion-683017208-content\" >\n\t\t\t<button class=\"toggle\" aria-label=\"Toggle\"><i class=\"icon-angle-down\"><\/i><\/button>\n\t\t\t<span>How do you take into account allergies and special diets?<\/span>\n\t\t<\/a>\n\t\t<div id=\"accordion-683017208-content\" class=\"accordion-inner\" aria-labelledby=\"accordion-683017208-label\" >\n\t\t\t\n<p>We try to serve special diets and allergies as best we can. Please inform us in advance if you have special diets and food allergies.<\/p>\n\t\t<\/div>\n\t<\/div>\n\t\n\t<div id=\"accordion-3655033212\" class=\"accordion-item\">\n\t\t<a id=\"accordion-3655033212-label\" class=\"accordion-title plain\" href=\"#accordion-item-can_i_get_there_by_train?\" aria-expanded=\"false\" aria-controls=\"accordion-3655033212-content\" >\n\t\t\t<button class=\"toggle\" aria-label=\"Toggle\"><i class=\"icon-angle-down\"><\/i><\/button>\n\t\t\t<span>Can I get there by train?<\/span>\n\t\t<\/a>\n\t\t<div id=\"accordion-3655033212-content\" class=\"accordion-inner\" aria-labelledby=\"accordion-3655033212-label\" >\n\t\t\t\n<p>Yes. The nearest train station is Paltamo railway station, from where it is a 20-minute drive to Arctic Giant. We can arrange transportation from the train station in both directions.<\/p>\n\t\t<\/div>\n\t<\/div>\n\t\n\t<div id=\"accordion-3354022175\" class=\"accordion-item\">\n\t\t<a id=\"accordion-3354022175-label\" class=\"accordion-title plain\" href=\"#accordion-item-is_there_wifi_in_the_accommodations?\" aria-expanded=\"false\" aria-controls=\"accordion-3354022175-content\" >\n\t\t\t<button class=\"toggle\" aria-label=\"Toggle\"><i class=\"icon-angle-down\"><\/i><\/button>\n\t\t\t<span>Is there WiFi in the accommodations?<\/span>\n\t\t<\/a>\n\t\t<div id=\"accordion-3354022175-content\" class=\"accordion-inner\" aria-labelledby=\"accordion-3354022175-label\" >\n\t\t\t\n<p>Wireless WiFi is available in all our accommodations. However, the main building and the reception have a better WiFi connection.<\/p>\n\t\t<\/div>\n\t<\/div>\n\t\n\t<div id=\"accordion-3798253195\" class=\"accordion-item\">\n\t\t<a id=\"accordion-3798253195-label\" class=\"accordion-title plain\" href=\"#accordion-item-is_there_a_charge_for_parking?\" aria-expanded=\"false\" aria-controls=\"accordion-3798253195-content\" >\n\t\t\t<button class=\"toggle\" aria-label=\"Toggle\"><i class=\"icon-angle-down\"><\/i><\/button>\n\t\t\t<span>Is there a charge for parking?<\/span>\n\t\t<\/a>\n\t\t<div id=\"accordion-3798253195-content\" class=\"accordion-inner\" aria-labelledby=\"accordion-3798253195-label\" >\n\t\t\t\n<p>No, parking is free.<\/p>\n\t\t<\/div>\n\t<\/div>\n\t\n\t<div id=\"accordion-3037766424\" class=\"accordion-item\">\n\t\t<a id=\"accordion-3037766424-label\" class=\"accordion-title plain\" href=\"#accordion-item-do_you_have_an_electric_car_charging_point?\" aria-expanded=\"false\" aria-controls=\"accordion-3037766424-content\" >\n\t\t\t<button class=\"toggle\" aria-label=\"Toggle\"><i class=\"icon-angle-down\"><\/i><\/button>\n\t\t\t<span>Do you have an electric car charging point?<\/span>\n\t\t<\/a>\n\t\t<div id=\"accordion-3037766424-content\" class=\"accordion-inner\" aria-labelledby=\"accordion-3037766424-label\" >\n\t\t\t\n<p>There is one official electric car charging point (type2) and several heating poles in the area, which can also be used as charging points.<\/p>\n\t\t<\/div>\n\t<\/div>\n\t\n\t<div id=\"accordion-3633216701\" class=\"accordion-item\">\n\t\t<a id=\"accordion-3633216701-label\" class=\"accordion-title plain\" href=\"#accordion-item-what_time_can_i_check_in_to_the_accommodation?\" aria-expanded=\"false\" aria-controls=\"accordion-3633216701-content\" >\n\t\t\t<button class=\"toggle\" aria-label=\"Toggle\"><i class=\"icon-angle-down\"><\/i><\/button>\n\t\t\t<span>What time can I check in to the accommodation?<\/span>\n\t\t<\/a>\n\t\t<div id=\"accordion-3633216701-content\" class=\"accordion-inner\" aria-labelledby=\"accordion-3633216701-label\" >\n\t\t\t\n<p>Check-in time is 4 pm. However, if your accommodation has already been cleaned earlier, earlier check-in is also possible.<\/p>\n\t\t<\/div>\n\t<\/div>\n\t\n\t<div id=\"accordion-3844543034\" class=\"accordion-item\">\n\t\t<a id=\"accordion-3844543034-label\" class=\"accordion-title plain\" href=\"#accordion-item-when_is_the_best_time_to_see_the_northern_lights?\" aria-expanded=\"false\" aria-controls=\"accordion-3844543034-content\" >\n\t\t\t<button class=\"toggle\" aria-label=\"Toggle\"><i class=\"icon-angle-down\"><\/i><\/button>\n\t\t\t<span>When is the best time to see the northern lights?<\/span>\n\t\t<\/a>\n\t\t<div id=\"accordion-3844543034-content\" class=\"accordion-inner\" aria-labelledby=\"accordion-3844543034-label\" >\n\t\t\t\n<p>In general, the best time to see the northern lights is from January to mid-March.<\/p>\n\t\t<\/div>\n\t<\/div>\n\t\n\t<div id=\"accordion-1687473749\" class=\"accordion-item\">\n\t\t<a id=\"accordion-1687473749-label\" class=\"accordion-title plain\" href=\"#accordion-item-do_i_need_to_book_the_activities_in_advance?\" aria-expanded=\"false\" aria-controls=\"accordion-1687473749-content\" >\n\t\t\t<button class=\"toggle\" aria-label=\"Toggle\"><i class=\"icon-angle-down\"><\/i><\/button>\n\t\t\t<span>Do I need to book the activities in advance?<\/span>\n\t\t<\/a>\n\t\t<div id=\"accordion-1687473749-content\" class=\"accordion-inner\" aria-labelledby=\"accordion-1687473749-label\" >\n\t\t\t\n<p>Activity equipment and guided safaris can also be booked upon arrival. However, we recommend pre-booking online to make sure you don&#8217;t miss out on the safari.<\/p>\n\t\t<\/div>\n\t<\/div>\n\t\n\t<div id=\"accordion-3230778399\" class=\"accordion-item\">\n\t\t<a id=\"accordion-3230778399-label\" class=\"accordion-title plain\" href=\"#accordion-item-which_payment_methods_are_accepted?\" aria-expanded=\"false\" aria-controls=\"accordion-3230778399-content\" >\n\t\t\t<button class=\"toggle\" aria-label=\"Toggle\"><i class=\"icon-angle-down\"><\/i><\/button>\n\t\t\t<span>Which payment methods are accepted?<\/span>\n\t\t<\/a>\n\t\t<div id=\"accordion-3230778399-content\" class=\"accordion-inner\" aria-labelledby=\"accordion-3230778399-label\" >\n\t\t\t\n<p>You can pay with all the most common bank and credit cards, Visa and Mastercard, as well as cash (in euros).<\/p>\n\t\t<\/div>\n\t<\/div>\n\t\n\t<div id=\"accordion-3316179116\" class=\"accordion-item\">\n\t\t<a id=\"accordion-3316179116-label\" class=\"accordion-title plain\" href=\"#accordion-item-what_does_half-board_include?\" aria-expanded=\"false\" aria-controls=\"accordion-3316179116-content\" >\n\t\t\t<button class=\"toggle\" aria-label=\"Toggle\"><i class=\"icon-angle-down\"><\/i><\/button>\n\t\t\t<span>What does half-board include?<\/span>\n\t\t<\/a>\n\t\t<div id=\"accordion-3316179116-content\" class=\"accordion-inner\" aria-labelledby=\"accordion-3316179116-label\" >\n\t\t\t\n<p>You can add half-board to your accommodation reservation, which includes a delicious 3-course dinner in our restaurant and a tasty breakfast delivered directly to your door.<\/p>\n\t\t<\/div>\n\t<\/div>\n\t\n\t<div id=\"accordion-1512916138\" class=\"accordion-item\">\n\t\t<a id=\"accordion-1512916138-label\" class=\"accordion-title plain\" href=\"#accordion-item-is_there_any_wildlife_in_arctic_giant?\" aria-expanded=\"false\" aria-controls=\"accordion-1512916138-content\" >\n\t\t\t<button class=\"toggle\" aria-label=\"Toggle\"><i class=\"icon-angle-down\"><\/i><\/button>\n\t\t\t<span>Is there any wildlife in Arctic Giant?<\/span>\n\t\t<\/a>\n\t\t<div id=\"accordion-1512916138-content\" class=\"accordion-inner\" aria-labelledby=\"accordion-1512916138-label\" >\n\t\t\t\n<p>We have a lot of birds, especially hawks, eagles and owls. There are also many other forest animals in our area, which are friendly but a bit shy and often hide in the forest.<\/p>\n\t\t<\/div>\n\t<\/div>\n\t\n<\/div>\n\t\t<\/div>\n\t\t\t\t\n<style>\n#col-2123811605 > .col-inner {\n  margin: 0px 0px 0px 0px;\n}\n<\/style>\n\t<\/div>\n\n\t\n<\/div>\n\t\t<\/div>\n\n\t\t\n<style>\n#section_1090425457 {\n  padding-top: 30px;\n  padding-bottom: 30px;\n}\n#section_1090425457 .section-bg.bg-loaded {\n  background-image: url(https:\/\/arcticgiant.fi\/wp-content\/uploads\/Tausta.png);\n}\n#section_1090425457 .section-bg {\n  background-position: 50% 0%;\n}\n<\/style>\n\t<\/section>\n\t\n","protected":false},"excerpt":{"rendered":"","protected":false},"author":1,"featured_media":0,"parent":0,"menu_order":0,"comment_status":"closed","ping_status":"closed","template":"page-blank.php","meta":{"footnotes":""},"class_list":["post-902","page","type-page","status-publish","hentry"],"yoast_head":"<!-- This site is optimized with the Yoast SEO plugin v26.2 - https:\/\/yoast.com\/wordpress\/plugins\/seo\/ -->\n<title>Frequently Asked Questions &#8211; FAQ &#8211; Arctic Giant<\/title>\n<meta name=\"description\" content=\"Do you have something on your mind, do you need an answer to a question? Read frequently asked questions about our services.\" \/>\n<meta name=\"robots\" content=\"index, follow, max-snippet:-1, max-image-preview:large, max-video-preview:-1\" \/>\n<link rel=\"canonical\" href=\"https:\/\/arcticgiant.fi\/en\/faq\/\" \/>\n<meta property=\"og:locale\" content=\"en_US\" \/>\n<meta property=\"og:type\" content=\"article\" \/>\n<meta property=\"og:title\" content=\"Frequently Asked Questions &#8211; FAQ &#8211; Arctic Giant\" \/>\n<meta property=\"og:description\" content=\"Do you have something on your mind, do you need an answer to a question? Read frequently asked questions about our services.\" \/>\n<meta property=\"og:url\" content=\"https:\/\/arcticgiant.fi\/en\/faq\/\" \/>\n<meta property=\"og:site_name\" content=\"Arctic Giant\" \/>\n<meta property=\"article:publisher\" content=\"https:\/\/facebook.com\/arcticgiant\/\" \/>\n<meta property=\"article:modified_time\" content=\"2023-08-17T07:08:06+00:00\" \/>\n<meta property=\"og:image\" content=\"https:\/\/arcticgiant.fi\/wp-content\/uploads\/Placeholder-1200x675-1.png\" \/>\n\t<meta property=\"og:image:width\" content=\"1200\" \/>\n\t<meta property=\"og:image:height\" content=\"675\" \/>\n\t<meta property=\"og:image:type\" content=\"image\/png\" \/>\n<meta name=\"twitter:card\" content=\"summary_large_image\" \/>\n<meta name=\"twitter:label1\" content=\"Est. reading time\" \/>\n\t<meta name=\"twitter:data1\" content=\"4 minutes\" \/>\n<script type=\"application\/ld+json\" class=\"yoast-schema-graph\">{\"@context\":\"https:\/\/schema.org\",\"@graph\":[{\"@type\":\"WebPage\",\"@id\":\"https:\/\/arcticgiant.fi\/en\/faq\/\",\"url\":\"https:\/\/arcticgiant.fi\/en\/faq\/\",\"name\":\"Frequently Asked Questions &#8211; FAQ &#8211; Arctic Giant\",\"isPartOf\":{\"@id\":\"https:\/\/arcticgiant.fi\/en\/#website\"},\"datePublished\":\"2023-05-23T09:00:55+00:00\",\"dateModified\":\"2023-08-17T07:08:06+00:00\",\"description\":\"Do you have something on your mind, do you need an answer to a question? Read frequently asked questions about our services.\",\"breadcrumb\":{\"@id\":\"https:\/\/arcticgiant.fi\/en\/faq\/#breadcrumb\"},\"inLanguage\":\"en-US\",\"potentialAction\":[{\"@type\":\"ReadAction\",\"target\":[\"https:\/\/arcticgiant.fi\/en\/faq\/\"]}]},{\"@type\":\"BreadcrumbList\",\"@id\":\"https:\/\/arcticgiant.fi\/en\/faq\/#breadcrumb\",\"itemListElement\":[{\"@type\":\"ListItem\",\"position\":1,\"name\":\"Arctic Giant\",\"item\":\"https:\/\/arcticgiant.fi\/en\/\"},{\"@type\":\"ListItem\",\"position\":2,\"name\":\"FAQ\"}]},{\"@type\":\"WebSite\",\"@id\":\"https:\/\/arcticgiant.fi\/en\/#website\",\"url\":\"https:\/\/arcticgiant.fi\/en\/\",\"name\":\"Arctic Giant Birdhouse Hotel\",\"description\":\"N\u00e4e maailma j\u00e4ttil\u00e4isen silmin\",\"publisher\":{\"@id\":\"https:\/\/arcticgiant.fi\/en\/#organization\"},\"alternateName\":\"Arctic Giant\",\"potentialAction\":[{\"@type\":\"SearchAction\",\"target\":{\"@type\":\"EntryPoint\",\"urlTemplate\":\"https:\/\/arcticgiant.fi\/en\/?s={search_term_string}\"},\"query-input\":{\"@type\":\"PropertyValueSpecification\",\"valueRequired\":true,\"valueName\":\"search_term_string\"}}],\"inLanguage\":\"en-US\"},{\"@type\":\"Organization\",\"@id\":\"https:\/\/arcticgiant.fi\/en\/#organization\",\"name\":\"Arctic Giant Birdhouse Hotel\",\"alternateName\":\"Arctic Giant\",\"url\":\"https:\/\/arcticgiant.fi\/en\/\",\"logo\":{\"@type\":\"ImageObject\",\"inLanguage\":\"en-US\",\"@id\":\"https:\/\/arcticgiant.fi\/en\/#\/schema\/logo\/image\/\",\"url\":\"https:\/\/arcticgiant.fi\/wp-content\/uploads\/Placeholder-696x696-1.png\",\"contentUrl\":\"https:\/\/arcticgiant.fi\/wp-content\/uploads\/Placeholder-696x696-1.png\",\"width\":696,\"height\":696,\"caption\":\"Arctic Giant Birdhouse Hotel\"},\"image\":{\"@id\":\"https:\/\/arcticgiant.fi\/en\/#\/schema\/logo\/image\/\"},\"sameAs\":[\"https:\/\/facebook.com\/arcticgiant\/\",\"https:\/\/instagram.com\/arcticgiant_jattilaisenmaa\/\",\"https:\/\/www.youtube.com\/@arctic_giant\/\",\"https:\/\/www.tiktok.com\/@arcticgiantfi\/\"]}]}<\/script>\n<!-- \/ Yoast SEO plugin. -->","yoast_head_json":{"title":"Frequently Asked Questions &#8211; FAQ &#8211; Arctic Giant","description":"Do you have something on your mind, do you need an answer to a question? Read frequently asked questions about our services.","robots":{"index":"index","follow":"follow","max-snippet":"max-snippet:-1","max-image-preview":"max-image-preview:large","max-video-preview":"max-video-preview:-1"},"canonical":"https:\/\/arcticgiant.fi\/en\/faq\/","og_locale":"en_US","og_type":"article","og_title":"Frequently Asked Questions &#8211; FAQ &#8211; Arctic Giant","og_description":"Do you have something on your mind, do you need an answer to a question? Read frequently asked questions about our services.","og_url":"https:\/\/arcticgiant.fi\/en\/faq\/","og_site_name":"Arctic Giant","article_publisher":"https:\/\/facebook.com\/arcticgiant\/","article_modified_time":"2023-08-17T07:08:06+00:00","og_image":[{"width":1200,"height":675,"url":"https:\/\/arcticgiant.fi\/wp-content\/uploads\/Placeholder-1200x675-1.png","type":"image\/png"}],"twitter_card":"summary_large_image","twitter_misc":{"Est. reading time":"4 minutes"},"schema":{"@context":"https:\/\/schema.org","@graph":[{"@type":"WebPage","@id":"https:\/\/arcticgiant.fi\/en\/faq\/","url":"https:\/\/arcticgiant.fi\/en\/faq\/","name":"Frequently Asked Questions &#8211; FAQ &#8211; Arctic Giant","isPartOf":{"@id":"https:\/\/arcticgiant.fi\/en\/#website"},"datePublished":"2023-05-23T09:00:55+00:00","dateModified":"2023-08-17T07:08:06+00:00","description":"Do you have something on your mind, do you need an answer to a question? Read frequently asked questions about our services.","breadcrumb":{"@id":"https:\/\/arcticgiant.fi\/en\/faq\/#breadcrumb"},"inLanguage":"en-US","potentialAction":[{"@type":"ReadAction","target":["https:\/\/arcticgiant.fi\/en\/faq\/"]}]},{"@type":"BreadcrumbList","@id":"https:\/\/arcticgiant.fi\/en\/faq\/#breadcrumb","itemListElement":[{"@type":"ListItem","position":1,"name":"Arctic Giant","item":"https:\/\/arcticgiant.fi\/en\/"},{"@type":"ListItem","position":2,"name":"FAQ"}]},{"@type":"WebSite","@id":"https:\/\/arcticgiant.fi\/en\/#website","url":"https:\/\/arcticgiant.fi\/en\/","name":"Arctic Giant Birdhouse Hotel","description":"N\u00e4e maailma j\u00e4ttil\u00e4isen silmin","publisher":{"@id":"https:\/\/arcticgiant.fi\/en\/#organization"},"alternateName":"Arctic Giant","potentialAction":[{"@type":"SearchAction","target":{"@type":"EntryPoint","urlTemplate":"https:\/\/arcticgiant.fi\/en\/?s={search_term_string}"},"query-input":{"@type":"PropertyValueSpecification","valueRequired":true,"valueName":"search_term_string"}}],"inLanguage":"en-US"},{"@type":"Organization","@id":"https:\/\/arcticgiant.fi\/en\/#organization","name":"Arctic Giant Birdhouse Hotel","alternateName":"Arctic Giant","url":"https:\/\/arcticgiant.fi\/en\/","logo":{"@type":"ImageObject","inLanguage":"en-US","@id":"https:\/\/arcticgiant.fi\/en\/#\/schema\/logo\/image\/","url":"https:\/\/arcticgiant.fi\/wp-content\/uploads\/Placeholder-696x696-1.png","contentUrl":"https:\/\/arcticgiant.fi\/wp-content\/uploads\/Placeholder-696x696-1.png","width":696,"height":696,"caption":"Arctic Giant Birdhouse Hotel"},"image":{"@id":"https:\/\/arcticgiant.fi\/en\/#\/schema\/logo\/image\/"},"sameAs":["https:\/\/facebook.com\/arcticgiant\/","https:\/\/instagram.com\/arcticgiant_jattilaisenmaa\/","https:\/\/www.youtube.com\/@arctic_giant\/","https:\/\/www.tiktok.com\/@arcticgiantfi\/"]}]}},"_links":{"self":[{"href":"https:\/\/arcticgiant.fi\/en\/wp-json\/wp\/v2\/pages\/902","targetHints":{"allow":["GET"]}}],"collection":[{"href":"https:\/\/arcticgiant.fi\/en\/wp-json\/wp\/v2\/pages"}],"about":[{"href":"https:\/\/arcticgiant.fi\/en\/wp-json\/wp\/v2\/types\/page"}],"author":[{"embeddable":true,"href":"https:\/\/arcticgiant.fi\/en\/wp-json\/wp\/v2\/users\/1"}],"replies":[{"embeddable":true,"href":"https:\/\/arcticgiant.fi\/en\/wp-json\/wp\/v2\/comments?post=902"}],"version-history":[{"count":0,"href":"https:\/\/arcticgiant.fi\/en\/wp-json\/wp\/v2\/pages\/902\/revisions"}],"wp:attachment":[{"href":"https:\/\/arcticgiant.fi\/en\/wp-json\/wp\/v2\/media?parent=902"}],"curies":[{"name":"wp","href":"https:\/\/api.w.org\/{rel}","templated":true}]}}