{"id":900,"date":"2023-05-23T12:00:36","date_gmt":"2023-05-23T09:00:36","guid":{"rendered":"https:\/\/arcticgiant.fi\/v2\/?page_id=900"},"modified":"2023-08-15T21:52:29","modified_gmt":"2023-08-15T18:52:29","slug":"our-story","status":"publish","type":"page","link":"https:\/\/arcticgiant.fi\/en\/our-story\/","title":{"rendered":"Our Story"},"content":{"rendered":"\t<section class=\"section dark is-full-height\" id=\"section_1016856865\">\n\t\t<div class=\"bg section-bg fill bg-fill bg-loaded \" >\n\n\t\t\t\n\t\t\t\n\t\t\t\n\n\t\t<\/div>\n\n\t\t\n\n\t\t<div class=\"section-content relative\">\n\t\t\t\n<div class=\"row\"  id=\"row-396007469\">\n\n\t<div id=\"col-1685859798\" class=\"col small-12 large-12\"  >\n\t\t\t\t<div class=\"col-inner text-center\"  >\n\t\t\t\n\t\t\t\n\n<p><img decoding=\"async\" src=\"\/wp-content\/uploads\/Hero.png\"\/><br \/>\n\n\t<div id=\"gap-651914173\" class=\"gap-element clearfix\" style=\"display:block; height:auto;\">\n\t\t\n<style>\n#gap-651914173 {\n  padding-top: 90px;\n}\n<\/style>\n\t<\/div>\n\t\n<a href=\"https:\/\/arcticgiant.fi\/en\/contact\/\" target=\"_self\" class=\"button white is-outline\"  >\n    <span>Contact Us<\/span>\n  <\/a>\n\n\t\t<\/div>\n\t\t\t\t\t<\/div>\n\n\t\n<\/div>\n\t\t<\/div>\n\n\t\t\n<style>\n#section_1016856865 {\n  padding-top: 30px;\n  padding-bottom: 30px;\n  min-height: 100vh;\n}\n#section_1016856865 .section-bg.bg-loaded {\n  background-image: url(https:\/\/arcticgiant.fi\/wp-content\/uploads\/Hero-6.png);\n}\n#section_1016856865 .section-bg {\n  background-position: 50% 100%;\n}\n<\/style>\n\t<\/section>\n\t\n\t<section class=\"section\" id=\"section_1005437577\">\n\t\t<div class=\"bg section-bg fill bg-fill bg-loaded \" >\n\n\t\t\t\n\t\t\t\n\t\t\t\n\n\t\t<\/div>\n\n\t\t\n\n\t\t<div class=\"section-content relative\">\n\t\t\t\n\t<div id=\"gap-1101264593\" class=\"gap-element clearfix\" style=\"display:block; height:auto;\">\n\t\t\n<style>\n#gap-1101264593 {\n  padding-top: 30px;\n}\n@media (min-width:850px) {\n  #gap-1101264593 {\n    padding-top: 60px;\n  }\n}\n<\/style>\n\t<\/div>\n\t\n<div class=\"row row-large align-middle align-center\"  id=\"row-146712329\">\n\n\t<div id=\"col-269636092\" class=\"col medium-12 small-12 large-6\"  >\n\t\t\t\t<div class=\"col-inner text-center\"  >\n\t\t\t\n\t\t\t\n\t<div id=\"text-3469795431\" class=\"text\">\n\t\t\n<p class=\"uppercase\"><span style=\"letter-spacing:1.28px;\">About Us<\/span><\/p>\n\t\t\n<style>\n#text-3469795431 {\n  text-align: center;\n}\n<\/style>\n\t<\/div>\n\t\n<div class=\"text-center\"><div class=\"is-divider divider clearfix\" style=\"margin-top:15px;margin-bottom:15px;height:2px;background-color:rgb(176, 176, 176);\"><\/div><\/div>\n\t<div id=\"text-4175130542\" class=\"text\">\n\t\t\n<h1>Kuru&#8217;s story<\/h1>\n<p>The giants are simple and warm-hearted, but also very shy. They usually don&#8217;t show themselves to people. The giants are extremely fond of birds and butterflies, and both can be found in the area of Arctic Giant. For the birds, the giants have built birdhouses. However, the birdhouses became so big that they are more suitable as accommodation for guests of Arctic Giant than for birds.<\/p>\n\t\t\n<style>\n#text-4175130542 {\n  text-align: center;\n}\n<\/style>\n\t<\/div>\n\t\n\t\t<\/div>\n\t\t\t\t\t<\/div>\n\n\t\n\n\t<div id=\"col-259978398\" class=\"col medium-12 small-12 large-6 medium-col-first\"  >\n\t\t\t\t<div class=\"col-inner\"  >\n\t\t\t\n\t\t\t\n\t<div class=\"img has-hover x md-x lg-x y md-y lg-y\" id=\"image_564238399\">\n\t\t<a class=\"open-video\" href=\"https:\/\/www.youtube.com\/watch?v=r0HpHW9ny00\" target=\"_blank\" rel=\"noopener noreferrer\" >\t\t\t\t\t\t<div class=\"img-inner dark\" >\n\t\t\t<img loading=\"lazy\" decoding=\"async\" width=\"568\" height=\"380\" src=\"https:\/\/arcticgiant.fi\/wp-content\/uploads\/Kuva-55.png\" class=\"attachment-original size-original\" alt=\"\" \/>\t\t\t\t\t\t\t<div class=\"overlay\" style=\"background-color: rgba(0,0,0,.2)\"><\/div>\n\t\t\t\t\t\t\t\t\t\t<div class=\"absolute no-click x50 y50 md-x50 md-y50 lg-x50 lg-y50 text-shadow-2\">\n\t\t\t\t\t<div class=\"overlay-icon\">\n\t\t\t\t\t\t<i class=\"icon-play\"><\/i>\n\t\t\t\t\t<\/div>\n\t\t\t\t<\/div>\n\t\t\t\n\t\t\t\t\t<\/div>\n\t\t\t\t\t\t<\/a>\t\t\n<style>\n#image_564238399 {\n  width: 100%;\n}\n<\/style>\n\t<\/div>\n\t\n\t\t<\/div>\n\t\t\t\t\t<\/div>\n\n\t\n<\/div>\n\t<div id=\"gap-416816044\" class=\"gap-element clearfix\" style=\"display:block; height:auto;\">\n\t\t\n<style>\n#gap-416816044 {\n  padding-top: 30px;\n}\n<\/style>\n\t<\/div>\n\t\n<div class=\"row row-large align-middle align-center\"  id=\"row-258554525\">\n\n\t<div id=\"col-589593519\" class=\"col medium-12 small-12 large-6 medium-col-first\"  >\n\t\t\t\t<div class=\"col-inner\"  >\n\t\t\t\n\t\t\t\n\t<div class=\"img has-hover x md-x lg-x y md-y lg-y\" id=\"image_346438345\">\n\t\t\t\t\t\t\t\t<div class=\"img-inner dark\" >\n\t\t\t<img loading=\"lazy\" decoding=\"async\" width=\"1024\" height=\"576\" src=\"https:\/\/arcticgiant.fi\/wp-content\/uploads\/DSC07851_EDITED.jpg\" class=\"attachment-original size-original\" alt=\"\" srcset=\"https:\/\/arcticgiant.fi\/wp-content\/uploads\/DSC07851_EDITED.jpg 1024w, https:\/\/arcticgiant.fi\/wp-content\/uploads\/DSC07851_EDITED-768x432.jpg 768w\" sizes=\"auto, (max-width: 1024px) 100vw, 1024px\" \/>\t\t\t\t\t\t\n\t\t\t\t\t<\/div>\n\t\t\t\t\t\t\t\t\n<style>\n#image_346438345 {\n  width: 100%;\n}\n<\/style>\n\t<\/div>\n\t\n\t\t<\/div>\n\t\t\t\t\t<\/div>\n\n\t\n\n\t<div id=\"col-1117539827\" class=\"col medium-12 small-12 large-6 medium-col-first\"  >\n\t\t\t\t<div class=\"col-inner text-center\"  >\n\t\t\t\n\t\t\t\n\t<div id=\"text-2446510143\" class=\"text\">\n\t\t\n<h3>How did the idea come?<\/h3>\n<p>One fall day in 2007, Anja did go with Vesa to Kivesvaara to pick up some lingonberry. The scenery of the completely empty skiing center was magical and after the lingonberry trip, Anja and Vesa were impressed. Already that evening, fate began to whisper to Vesa that those empty buildings could be modified and at the same time give them a new purpose of use. The next day, Vesa already did the shopping, and the abandoned skiing center&#8217;s new life as Arctic Giant got air under its wings.\u00a0<\/p>\n\t\t\n<style>\n#text-2446510143 {\n  text-align: center;\n}\n<\/style>\n\t<\/div>\n\t\n\t\t<\/div>\n\t\t\t\t\t<\/div>\n\n\t\n<\/div>\n\t<div id=\"gap-1413359446\" class=\"gap-element clearfix\" style=\"display:block; height:auto;\">\n\t\t\n<style>\n#gap-1413359446 {\n  padding-top: 30px;\n}\n<\/style>\n\t<\/div>\n\t\n<div class=\"row row-large align-middle align-center\"  id=\"row-1509226777\">\n\n\t<div id=\"col-2125380642\" class=\"col medium-12 small-12 large-6\"  >\n\t\t\t\t<div class=\"col-inner text-center\"  >\n\t\t\t\n\t\t\t\n\t<div id=\"text-864267316\" class=\"text\">\n\t\t\n<h3>A gigantic undertaking<\/h3>\n<p>The first steps to realizing the dream were taken when the already existing buildings of the old skiing center were renovated while preserving and utilizing the old. Finally, the grand opening was held in Arctic Giant in 2012. The task has been huge, downright gigantic, and it will continue as the next generation takes more responsibility for the operation. What new and interesting things are yet to come?<\/p>\n\t\t\n<style>\n#text-864267316 {\n  text-align: center;\n}\n<\/style>\n\t<\/div>\n\t\n\t\t<\/div>\n\t\t\t\t\t<\/div>\n\n\t\n\n\t<div id=\"col-182072060\" class=\"col medium-12 small-12 large-6 medium-col-first\"  >\n\t\t\t\t<div class=\"col-inner\"  >\n\t\t\t\n\t\t\t\n\t<div class=\"img has-hover x md-x lg-x y md-y lg-y\" id=\"image_1163410126\">\n\t\t\t\t\t\t\t\t<div class=\"img-inner dark\" >\n\t\t\t<img loading=\"lazy\" decoding=\"async\" width=\"1024\" height=\"662\" src=\"https:\/\/arcticgiant.fi\/wp-content\/uploads\/DJI_0467_EDITED-2.jpg\" class=\"attachment-original size-original\" alt=\"\" srcset=\"https:\/\/arcticgiant.fi\/wp-content\/uploads\/DJI_0467_EDITED-2.jpg 1024w, https:\/\/arcticgiant.fi\/wp-content\/uploads\/DJI_0467_EDITED-2-768x497.jpg 768w\" sizes=\"auto, (max-width: 1024px) 100vw, 1024px\" \/>\t\t\t\t\t\t\n\t\t\t\t\t<\/div>\n\t\t\t\t\t\t\t\t\n<style>\n#image_1163410126 {\n  width: 100%;\n}\n<\/style>\n\t<\/div>\n\t\n\t\t<\/div>\n\t\t\t\t\t<\/div>\n\n\t\n<\/div>\n\t<div id=\"gap-2095366910\" class=\"gap-element clearfix\" style=\"display:block; height:auto;\">\n\t\t\n<style>\n#gap-2095366910 {\n  padding-top: 30px;\n}\n<\/style>\n\t<\/div>\n\t\n<div class=\"row row-large align-middle align-center\"  id=\"row-1490529136\">\n\n\t<div id=\"col-23919890\" class=\"col medium-12 small-12 large-6 medium-col-first\"  >\n\t\t\t\t<div class=\"col-inner\"  >\n\t\t\t\n\t\t\t\n\t<div class=\"img has-hover x md-x lg-x y md-y lg-y\" id=\"image_1042987467\">\n\t\t\t\t\t\t\t\t<div class=\"img-inner dark\" >\n\t\t\t<img loading=\"lazy\" decoding=\"async\" width=\"1024\" height=\"768\" src=\"https:\/\/arcticgiant.fi\/wp-content\/uploads\/DSC02018_EDITED-1.jpg\" class=\"attachment-original size-original\" alt=\"\" srcset=\"https:\/\/arcticgiant.fi\/wp-content\/uploads\/DSC02018_EDITED-1.jpg 1024w, https:\/\/arcticgiant.fi\/wp-content\/uploads\/DSC02018_EDITED-1-768x576.jpg 768w\" sizes=\"auto, (max-width: 1024px) 100vw, 1024px\" \/>\t\t\t\t\t\t\n\t\t\t\t\t<\/div>\n\t\t\t\t\t\t\t\t\n<style>\n#image_1042987467 {\n  width: 100%;\n}\n<\/style>\n\t<\/div>\n\t\n\t\t<\/div>\n\t\t\t\t\t<\/div>\n\n\t\n\n\t<div id=\"col-1503081815\" class=\"col medium-12 small-12 large-6 medium-col-first\"  >\n\t\t\t\t<div class=\"col-inner text-center\"  >\n\t\t\t\n\t\t\t\n\t<div id=\"text-1956951464\" class=\"text\">\n\t\t\n<h3>Where does the name Arctic Giant come from?<\/h3>\n<p>Stories of giants and strong men have been told in the Paltamo and Ouluj\u00e4rvi area for a long time. These stories partially have a basis in truth, because the three giants of Kainuu: Daniel Cajanus, V\u00e4in\u00f6 Myllyrinne and Lauri Moilanen have been among the ten tallest men in the world. All these three Kainuu tall men were about 2.5 meter giants.<\/p>\n\t\t\n<style>\n#text-1956951464 {\n  text-align: center;\n}\n<\/style>\n\t<\/div>\n\t\n\t\t<\/div>\n\t\t\t\t\t<\/div>\n\n\t\n<\/div>\n\t\t<\/div>\n\n\t\t\n<style>\n#section_1005437577 {\n  padding-top: 30px;\n  padding-bottom: 30px;\n}\n#section_1005437577 .section-bg.bg-loaded {\n  background-image: url(https:\/\/arcticgiant.fi\/wp-content\/uploads\/Tausta.png);\n}\n#section_1005437577 .section-bg {\n  background-position: 50% 0%;\n}\n<\/style>\n\t<\/section>\n\t\n","protected":false},"excerpt":{"rendered":"","protected":false},"author":1,"featured_media":0,"parent":0,"menu_order":0,"comment_status":"closed","ping_status":"closed","template":"page-blank.php","meta":{"footnotes":""},"class_list":["post-900","page","type-page","status-publish","hentry"],"yoast_head":"<!-- This site is optimized with the Yoast SEO plugin v26.2 - https:\/\/yoast.com\/wordpress\/plugins\/seo\/ -->\n<title>Our Story &#8211; Arctic Giant<\/title>\n<meta name=\"description\" content=\"The giants are simple and warm-hearted, but also very shy. They usually don\u2019t show themselves to people. Read more.\" \/>\n<meta name=\"robots\" content=\"index, follow, max-snippet:-1, max-image-preview:large, max-video-preview:-1\" \/>\n<link rel=\"canonical\" href=\"https:\/\/arcticgiant.fi\/en\/our-story\/\" \/>\n<meta property=\"og:locale\" content=\"en_US\" \/>\n<meta property=\"og:type\" content=\"article\" \/>\n<meta property=\"og:title\" content=\"Our Story &#8211; Arctic Giant\" \/>\n<meta property=\"og:description\" content=\"The giants are simple and warm-hearted, but also very shy. They usually don\u2019t show themselves to people. Read more.\" \/>\n<meta property=\"og:url\" content=\"https:\/\/arcticgiant.fi\/en\/our-story\/\" \/>\n<meta property=\"og:site_name\" content=\"Arctic Giant\" \/>\n<meta property=\"article:publisher\" content=\"https:\/\/facebook.com\/arcticgiant\/\" \/>\n<meta property=\"article:modified_time\" content=\"2023-08-15T18:52:29+00:00\" \/>\n<meta property=\"og:image\" content=\"https:\/\/arcticgiant.fi\/wp-content\/uploads\/Placeholder-1200x675-1.png\" \/>\n\t<meta property=\"og:image:width\" content=\"1200\" \/>\n\t<meta property=\"og:image:height\" content=\"675\" \/>\n\t<meta property=\"og:image:type\" content=\"image\/png\" \/>\n<meta name=\"twitter:card\" content=\"summary_large_image\" \/>\n<meta name=\"twitter:label1\" content=\"Est. reading time\" \/>\n\t<meta name=\"twitter:data1\" content=\"3 minutes\" \/>\n<script type=\"application\/ld+json\" class=\"yoast-schema-graph\">{\"@context\":\"https:\/\/schema.org\",\"@graph\":[{\"@type\":\"WebPage\",\"@id\":\"https:\/\/arcticgiant.fi\/en\/our-story\/\",\"url\":\"https:\/\/arcticgiant.fi\/en\/our-story\/\",\"name\":\"Our Story &#8211; Arctic Giant\",\"isPartOf\":{\"@id\":\"https:\/\/arcticgiant.fi\/en\/#website\"},\"datePublished\":\"2023-05-23T09:00:36+00:00\",\"dateModified\":\"2023-08-15T18:52:29+00:00\",\"description\":\"The giants are simple and warm-hearted, but also very shy. They usually don\u2019t show themselves to people. Read more.\",\"breadcrumb\":{\"@id\":\"https:\/\/arcticgiant.fi\/en\/our-story\/#breadcrumb\"},\"inLanguage\":\"en-US\",\"potentialAction\":[{\"@type\":\"ReadAction\",\"target\":[\"https:\/\/arcticgiant.fi\/en\/our-story\/\"]}]},{\"@type\":\"BreadcrumbList\",\"@id\":\"https:\/\/arcticgiant.fi\/en\/our-story\/#breadcrumb\",\"itemListElement\":[{\"@type\":\"ListItem\",\"position\":1,\"name\":\"Arctic Giant\",\"item\":\"https:\/\/arcticgiant.fi\/en\/\"},{\"@type\":\"ListItem\",\"position\":2,\"name\":\"Our Story\"}]},{\"@type\":\"WebSite\",\"@id\":\"https:\/\/arcticgiant.fi\/en\/#website\",\"url\":\"https:\/\/arcticgiant.fi\/en\/\",\"name\":\"Arctic Giant Birdhouse Hotel\",\"description\":\"N\u00e4e maailma j\u00e4ttil\u00e4isen silmin\",\"publisher\":{\"@id\":\"https:\/\/arcticgiant.fi\/en\/#organization\"},\"alternateName\":\"Arctic Giant\",\"potentialAction\":[{\"@type\":\"SearchAction\",\"target\":{\"@type\":\"EntryPoint\",\"urlTemplate\":\"https:\/\/arcticgiant.fi\/en\/?s={search_term_string}\"},\"query-input\":{\"@type\":\"PropertyValueSpecification\",\"valueRequired\":true,\"valueName\":\"search_term_string\"}}],\"inLanguage\":\"en-US\"},{\"@type\":\"Organization\",\"@id\":\"https:\/\/arcticgiant.fi\/en\/#organization\",\"name\":\"Arctic Giant Birdhouse Hotel\",\"alternateName\":\"Arctic Giant\",\"url\":\"https:\/\/arcticgiant.fi\/en\/\",\"logo\":{\"@type\":\"ImageObject\",\"inLanguage\":\"en-US\",\"@id\":\"https:\/\/arcticgiant.fi\/en\/#\/schema\/logo\/image\/\",\"url\":\"https:\/\/arcticgiant.fi\/wp-content\/uploads\/Placeholder-696x696-1.png\",\"contentUrl\":\"https:\/\/arcticgiant.fi\/wp-content\/uploads\/Placeholder-696x696-1.png\",\"width\":696,\"height\":696,\"caption\":\"Arctic Giant Birdhouse Hotel\"},\"image\":{\"@id\":\"https:\/\/arcticgiant.fi\/en\/#\/schema\/logo\/image\/\"},\"sameAs\":[\"https:\/\/facebook.com\/arcticgiant\/\",\"https:\/\/instagram.com\/arcticgiant_jattilaisenmaa\/\",\"https:\/\/www.youtube.com\/@arctic_giant\/\",\"https:\/\/www.tiktok.com\/@arcticgiantfi\/\"]}]}<\/script>\n<!-- \/ Yoast SEO plugin. -->","yoast_head_json":{"title":"Our Story &#8211; Arctic Giant","description":"The giants are simple and warm-hearted, but also very shy. They usually don\u2019t show themselves to people. Read more.","robots":{"index":"index","follow":"follow","max-snippet":"max-snippet:-1","max-image-preview":"max-image-preview:large","max-video-preview":"max-video-preview:-1"},"canonical":"https:\/\/arcticgiant.fi\/en\/our-story\/","og_locale":"en_US","og_type":"article","og_title":"Our Story &#8211; Arctic Giant","og_description":"The giants are simple and warm-hearted, but also very shy. They usually don\u2019t show themselves to people. Read more.","og_url":"https:\/\/arcticgiant.fi\/en\/our-story\/","og_site_name":"Arctic Giant","article_publisher":"https:\/\/facebook.com\/arcticgiant\/","article_modified_time":"2023-08-15T18:52:29+00:00","og_image":[{"width":1200,"height":675,"url":"https:\/\/arcticgiant.fi\/wp-content\/uploads\/Placeholder-1200x675-1.png","type":"image\/png"}],"twitter_card":"summary_large_image","twitter_misc":{"Est. reading time":"3 minutes"},"schema":{"@context":"https:\/\/schema.org","@graph":[{"@type":"WebPage","@id":"https:\/\/arcticgiant.fi\/en\/our-story\/","url":"https:\/\/arcticgiant.fi\/en\/our-story\/","name":"Our Story &#8211; Arctic Giant","isPartOf":{"@id":"https:\/\/arcticgiant.fi\/en\/#website"},"datePublished":"2023-05-23T09:00:36+00:00","dateModified":"2023-08-15T18:52:29+00:00","description":"The giants are simple and warm-hearted, but also very shy. They usually don\u2019t show themselves to people. Read more.","breadcrumb":{"@id":"https:\/\/arcticgiant.fi\/en\/our-story\/#breadcrumb"},"inLanguage":"en-US","potentialAction":[{"@type":"ReadAction","target":["https:\/\/arcticgiant.fi\/en\/our-story\/"]}]},{"@type":"BreadcrumbList","@id":"https:\/\/arcticgiant.fi\/en\/our-story\/#breadcrumb","itemListElement":[{"@type":"ListItem","position":1,"name":"Arctic Giant","item":"https:\/\/arcticgiant.fi\/en\/"},{"@type":"ListItem","position":2,"name":"Our Story"}]},{"@type":"WebSite","@id":"https:\/\/arcticgiant.fi\/en\/#website","url":"https:\/\/arcticgiant.fi\/en\/","name":"Arctic Giant Birdhouse Hotel","description":"N\u00e4e maailma j\u00e4ttil\u00e4isen silmin","publisher":{"@id":"https:\/\/arcticgiant.fi\/en\/#organization"},"alternateName":"Arctic Giant","potentialAction":[{"@type":"SearchAction","target":{"@type":"EntryPoint","urlTemplate":"https:\/\/arcticgiant.fi\/en\/?s={search_term_string}"},"query-input":{"@type":"PropertyValueSpecification","valueRequired":true,"valueName":"search_term_string"}}],"inLanguage":"en-US"},{"@type":"Organization","@id":"https:\/\/arcticgiant.fi\/en\/#organization","name":"Arctic Giant Birdhouse Hotel","alternateName":"Arctic Giant","url":"https:\/\/arcticgiant.fi\/en\/","logo":{"@type":"ImageObject","inLanguage":"en-US","@id":"https:\/\/arcticgiant.fi\/en\/#\/schema\/logo\/image\/","url":"https:\/\/arcticgiant.fi\/wp-content\/uploads\/Placeholder-696x696-1.png","contentUrl":"https:\/\/arcticgiant.fi\/wp-content\/uploads\/Placeholder-696x696-1.png","width":696,"height":696,"caption":"Arctic Giant Birdhouse Hotel"},"image":{"@id":"https:\/\/arcticgiant.fi\/en\/#\/schema\/logo\/image\/"},"sameAs":["https:\/\/facebook.com\/arcticgiant\/","https:\/\/instagram.com\/arcticgiant_jattilaisenmaa\/","https:\/\/www.youtube.com\/@arctic_giant\/","https:\/\/www.tiktok.com\/@arcticgiantfi\/"]}]}},"_links":{"self":[{"href":"https:\/\/arcticgiant.fi\/en\/wp-json\/wp\/v2\/pages\/900","targetHints":{"allow":["GET"]}}],"collection":[{"href":"https:\/\/arcticgiant.fi\/en\/wp-json\/wp\/v2\/pages"}],"about":[{"href":"https:\/\/arcticgiant.fi\/en\/wp-json\/wp\/v2\/types\/page"}],"author":[{"embeddable":true,"href":"https:\/\/arcticgiant.fi\/en\/wp-json\/wp\/v2\/users\/1"}],"replies":[{"embeddable":true,"href":"https:\/\/arcticgiant.fi\/en\/wp-json\/wp\/v2\/comments?post=900"}],"version-history":[{"count":0,"href":"https:\/\/arcticgiant.fi\/en\/wp-json\/wp\/v2\/pages\/900\/revisions"}],"wp:attachment":[{"href":"https:\/\/arcticgiant.fi\/en\/wp-json\/wp\/v2\/media?parent=900"}],"curies":[{"name":"wp","href":"https:\/\/api.w.org\/{rel}","templated":true}]}}