{"id":2626,"date":"2026-03-01T20:27:01","date_gmt":"2026-03-01T18:27:01","guid":{"rendered":"https:\/\/arcticgiant.fi\/?page_id=2626"},"modified":"2026-04-01T18:50:51","modified_gmt":"2026-04-01T15:50:51","slug":"sales","status":"publish","type":"page","link":"https:\/\/arcticgiant.fi\/en\/sales\/","title":{"rendered":"Sales"},"content":{"rendered":"\t<section class=\"section dark is-full-height\" id=\"section_1056317159\">\n\t\t<div class=\"bg section-bg fill bg-fill bg-loaded bg-loaded\" >\n\n\t\t\t\t<div class=\"video-overlay no-click fill visible\"><\/div>\n\t<video class=\"video-bg fill visible\" preload playsinline autoplay muted loop>\n\t\t<source src=\"https:\/\/arcticgiant.fi\/wp-content\/uploads\/headWEB_winter_540.mp4\" type=\"video\/mp4\">\t<\/video>\n\n\t\t\t\n\t\t\t\n\n\t\t<\/div>\n\n\t\t\n\n\t\t<div class=\"section-content relative\">\n\t\t\t\n<div class=\"row\"  id=\"row-1442776712\">\n\n\t<div id=\"col-742640384\" class=\"col small-12 large-12\"  >\n\t\t\t\t<div class=\"col-inner text-center\"  >\n\t\t\t\n\t\t\t\n\n<p><img decoding=\"async\" src=\"\/wp-content\/uploads\/Hero.png\" \/><br \/>\n\n\t<div id=\"gap-1784548936\" class=\"gap-element clearfix\" style=\"display:block; height:auto;\">\n\t\t\n<style>\n#gap-1784548936 {\n  padding-top: 90px;\n}\n<\/style>\n\t<\/div>\n\t\n<a rel=\"noopener noreferrer\" href=\"https:\/\/pic.fi\/TJMUZ4GHK3\" target=\"_blank\" class=\"button white is-outline\"  >\n    <span>arctic giant presentation<\/span>\n  <\/a>\n\n<a rel=\"noopener noreferrer\" href=\"https:\/\/andyhomerson.kuvat.fi\/kuvat\/Arctic+Giant+media\/\" target=\"_blank\" class=\"button white is-outline\"  >\n    <span>photo gallery<\/span>\n  <\/a>\n\n\t\t<\/div>\n\t\t\t\t\t<\/div>\n\n\t\n<\/div>\n<div class=\"row\"  id=\"row-508228497\">\n\n\t<div id=\"col-1489993233\" class=\"col medium-4 small-12 large-4\"  >\n\t\t\t\t<div class=\"col-inner\"  >\n\t\t\t\n\t\t\t\n<a rel=\"noopener noreferrer\" href=\"https:\/\/arcticgiant.fi\/wp-content\/uploads\/2026-2027-7-nights-8-days-winter-package-1.pdf\" target=\"_blank\" class=\"button primary expand\"  >\n    <span>explore the winter wonderland 7 nights \/ 8 days<\/span>\n  <\/a>\n\n\t\t<\/div>\n\t\t\t\t\t<\/div>\n\n\t\n\n\t<div id=\"col-416487976\" class=\"col medium-4 small-12 large-4\"  >\n\t\t\t\t<div class=\"col-inner\"  >\n\t\t\t\n\t\t\t\n<a rel=\"noopener noreferrer\" href=\"https:\/\/arcticgiant.fi\/wp-content\/uploads\/Chasing-the-golden-summer-nights-3-nights-4-days.pdf\" target=\"_blank\" class=\"button primary\"  >\n    <span>CHASING THE GOLDEN SUMMER NIGHTS 3 NIGHTS \/ 4 DAYS<\/span>\n  <\/a>\n\n\t\t<\/div>\n\t\t\t\t\t<\/div>\n\n\t\n\n\t<div id=\"col-1934625860\" class=\"col medium-4 small-12 large-4\"  >\n\t\t\t\t<div class=\"col-inner\"  >\n\t\t\t\n\t\t\t\n<a rel=\"noopener noreferrer\" class=\"button primary expand\"  >\n    <span>AUTUMN TRUE COLORS 3 NIGHTS \/ 4 DAYS<\/span>\n  <\/a>\n\n\t\t<\/div>\n\t\t\t\t\t<\/div>\n\n\t\n<\/div>\n\t\t<\/div>\n\n\t\t\n<style>\n#section_1056317159 {\n  padding-top: 30px;\n  padding-bottom: 30px;\n  min-height: 100vh;\n}\n<\/style>\n\t<\/section>\n\t\n\t<section class=\"section\" id=\"section_522097443\">\n\t\t<div class=\"bg section-bg fill bg-fill bg-loaded bg-loaded\" >\n\n\t\t\t\n\t\t\t\n\t\t\t\n\n\t\t<\/div>\n\n\t\t\n\n\t\t<div class=\"section-content relative\">\n\t\t\t\n<div class=\"row align-center\"  id=\"row-928693208\">\n\n\t<div id=\"col-976809998\" class=\"col medium-10 small-12 large-10\"  >\n\t\t\t\t<div class=\"col-inner text-center\"  >\n\t\t\t\n\t\t\t\n    <div class=\"box has-hover has-hover box-badge hover-dark box-text-bottom\" >\n\n                  <div class=\"box-image \" style=\"width:80%;\">\n           <div class=\"box-image-inner image-cover\" style=\"border-radius:100%;padding-top:100%;\">\n              <img loading=\"lazy\" decoding=\"async\" width=\"2560\" height=\"1707\" src=\"https:\/\/arcticgiant.fi\/wp-content\/uploads\/finland-artic-giant-selection-1-scaled.webp\" class=\"attachment- size-\" alt=\"\" srcset=\"https:\/\/arcticgiant.fi\/wp-content\/uploads\/finland-artic-giant-selection-1-scaled.webp 2560w, https:\/\/arcticgiant.fi\/wp-content\/uploads\/finland-artic-giant-selection-1-768x512.webp 768w, https:\/\/arcticgiant.fi\/wp-content\/uploads\/finland-artic-giant-selection-1-1536x1024.webp 1536w, https:\/\/arcticgiant.fi\/wp-content\/uploads\/finland-artic-giant-selection-1-2048x1365.webp 2048w\" sizes=\"auto, (max-width: 2560px) 100vw, 2560px\" \/>                         <\/div>\n          <\/div>\n         \n          <div class=\"box-text text-center\" >\n                <div class=\"box-text-inner\">\n                  <h4 class=\"uppercase\">\n                    <span class=\"person-name\">Antti Homanen<\/span><br\/>\n                    <span class=\"person-title is-small thin-font op-7\">\n                      CEO                    <\/span>\n                  <\/h4>\n\t\t\t\t\t<div class=\"social-icons follow-icons\" ><a href=\"https:\/\/www.facebook.com\/arcticgiant\" target=\"_blank\" rel=\"noopener noreferrer nofollow\" data-label=\"Facebook\" class=\"icon button circle is-outline facebook tooltip\" title=\"Follow on Facebook\" aria-label=\"Follow on Facebook\" ><i class=\"icon-facebook\" ><\/i><\/a><a href=\"https:\/\/www.instagram.com\/arcticgiantresort\/\" target=\"_blank\" rel=\"noopener noreferrer nofollow\" data-label=\"Instagram\" class=\"icon button circle is-outline instagram tooltip\" title=\"Follow on Instagram\" aria-label=\"Follow on Instagram\" ><i class=\"icon-instagram\" ><\/i><\/a><a href=\"mailto:antti@arcticgiant.fi\" data-label=\"E-mail\" target=\"_blank\" rel=\"nofollow\" class=\"icon button circle is-outline email tooltip\" title=\"Send us an email\" aria-label=\"Send us an email\" ><i class=\"icon-envelop\" ><\/i><\/a><a href=\"tel:+358443311799\" data-label=\"Phone\" target=\"_blank\" rel=\"nofollow\" class=\"icon button circle is-outline phone tooltip\" title=\"Call us\" aria-label=\"Call us\" ><i class=\"icon-phone\" ><\/i><\/a><a href=\"https:\/\/www.youtube.com\/channel\/UC-cnQVt-A27GuXkFjkPUwiQ\" data-label=\"YouTube\" target=\"_blank\" rel=\"noopener noreferrer nofollow\" class=\"icon button circle is-outline youtube tooltip\" title=\"Follow on YouTube\" aria-label=\"Follow on YouTube\" ><i class=\"icon-youtube\" ><\/i><\/a><\/div>\n<p>antti@arcticgiant.fi<\/p>\n<p>+358 443311799<\/p>\n                <\/div>\n          <\/div>\n    <\/div>\n\n\t\n    \n\t\t<\/div>\n\t\t\t\t\t<\/div>\n\n\t\n<\/div>\n\t\t<\/div>\n\n\t\t\n<style>\n#section_522097443 {\n  padding-top: 60px;\n  padding-bottom: 60px;\n  min-height: 300px;\n  background-color: rgb(245, 245, 245);\n}\n<\/style>\n\t<\/section>\n\t\n","protected":false},"excerpt":{"rendered":"","protected":false},"author":2,"featured_media":0,"parent":0,"menu_order":0,"comment_status":"closed","ping_status":"closed","template":"page-transparent-header.php","meta":{"footnotes":""},"class_list":["post-2626","page","type-page","status-publish","hentry"],"yoast_head":"<!-- This site is optimized with the Yoast SEO plugin v26.2 - https:\/\/yoast.com\/wordpress\/plugins\/seo\/ -->\n<title>Sales &#8211; Arctic Giant<\/title>\n<meta name=\"robots\" content=\"index, follow, max-snippet:-1, max-image-preview:large, max-video-preview:-1\" \/>\n<link rel=\"canonical\" href=\"https:\/\/arcticgiant.fi\/en\/sales\/\" \/>\n<meta property=\"og:locale\" content=\"en_US\" \/>\n<meta property=\"og:type\" content=\"article\" \/>\n<meta property=\"og:title\" content=\"Sales &#8211; Arctic Giant\" \/>\n<meta property=\"og:url\" content=\"https:\/\/arcticgiant.fi\/en\/sales\/\" \/>\n<meta property=\"og:site_name\" content=\"Arctic Giant\" \/>\n<meta property=\"article:publisher\" content=\"https:\/\/facebook.com\/arcticgiant\/\" \/>\n<meta property=\"article:modified_time\" content=\"2026-04-01T15:50:51+00:00\" \/>\n<meta property=\"og:image\" content=\"https:\/\/arcticgiant.fi\/wp-content\/uploads\/Placeholder-1200x675-1.png\" \/>\n\t<meta property=\"og:image:width\" content=\"1200\" \/>\n\t<meta property=\"og:image:height\" content=\"675\" \/>\n\t<meta property=\"og:image:type\" content=\"image\/png\" \/>\n<meta name=\"twitter:card\" content=\"summary_large_image\" \/>\n<meta name=\"twitter:label1\" content=\"Est. reading time\" \/>\n\t<meta name=\"twitter:data1\" content=\"1 minute\" \/>\n<script type=\"application\/ld+json\" class=\"yoast-schema-graph\">{\"@context\":\"https:\/\/schema.org\",\"@graph\":[{\"@type\":\"WebPage\",\"@id\":\"https:\/\/arcticgiant.fi\/en\/sales\/\",\"url\":\"https:\/\/arcticgiant.fi\/en\/sales\/\",\"name\":\"Sales &#8211; Arctic Giant\",\"isPartOf\":{\"@id\":\"https:\/\/arcticgiant.fi\/en\/#website\"},\"datePublished\":\"2026-03-01T18:27:01+00:00\",\"dateModified\":\"2026-04-01T15:50:51+00:00\",\"breadcrumb\":{\"@id\":\"https:\/\/arcticgiant.fi\/en\/sales\/#breadcrumb\"},\"inLanguage\":\"en-US\",\"potentialAction\":[{\"@type\":\"ReadAction\",\"target\":[\"https:\/\/arcticgiant.fi\/en\/sales\/\"]}]},{\"@type\":\"BreadcrumbList\",\"@id\":\"https:\/\/arcticgiant.fi\/en\/sales\/#breadcrumb\",\"itemListElement\":[{\"@type\":\"ListItem\",\"position\":1,\"name\":\"Arctic Giant\",\"item\":\"https:\/\/arcticgiant.fi\/en\/\"},{\"@type\":\"ListItem\",\"position\":2,\"name\":\"Sales\"}]},{\"@type\":\"WebSite\",\"@id\":\"https:\/\/arcticgiant.fi\/en\/#website\",\"url\":\"https:\/\/arcticgiant.fi\/en\/\",\"name\":\"Arctic Giant Birdhouse Hotel\",\"description\":\"N\u00e4e maailma j\u00e4ttil\u00e4isen silmin\",\"publisher\":{\"@id\":\"https:\/\/arcticgiant.fi\/en\/#organization\"},\"alternateName\":\"Arctic Giant\",\"potentialAction\":[{\"@type\":\"SearchAction\",\"target\":{\"@type\":\"EntryPoint\",\"urlTemplate\":\"https:\/\/arcticgiant.fi\/en\/?s={search_term_string}\"},\"query-input\":{\"@type\":\"PropertyValueSpecification\",\"valueRequired\":true,\"valueName\":\"search_term_string\"}}],\"inLanguage\":\"en-US\"},{\"@type\":\"Organization\",\"@id\":\"https:\/\/arcticgiant.fi\/en\/#organization\",\"name\":\"Arctic Giant Birdhouse Hotel\",\"alternateName\":\"Arctic Giant\",\"url\":\"https:\/\/arcticgiant.fi\/en\/\",\"logo\":{\"@type\":\"ImageObject\",\"inLanguage\":\"en-US\",\"@id\":\"https:\/\/arcticgiant.fi\/en\/#\/schema\/logo\/image\/\",\"url\":\"https:\/\/arcticgiant.fi\/wp-content\/uploads\/Placeholder-696x696-1.png\",\"contentUrl\":\"https:\/\/arcticgiant.fi\/wp-content\/uploads\/Placeholder-696x696-1.png\",\"width\":696,\"height\":696,\"caption\":\"Arctic Giant Birdhouse Hotel\"},\"image\":{\"@id\":\"https:\/\/arcticgiant.fi\/en\/#\/schema\/logo\/image\/\"},\"sameAs\":[\"https:\/\/facebook.com\/arcticgiant\/\",\"https:\/\/instagram.com\/arcticgiant_jattilaisenmaa\/\",\"https:\/\/www.youtube.com\/@arctic_giant\/\",\"https:\/\/www.tiktok.com\/@arcticgiantfi\/\"]}]}<\/script>\n<!-- \/ Yoast SEO plugin. -->","yoast_head_json":{"title":"Sales &#8211; Arctic Giant","robots":{"index":"index","follow":"follow","max-snippet":"max-snippet:-1","max-image-preview":"max-image-preview:large","max-video-preview":"max-video-preview:-1"},"canonical":"https:\/\/arcticgiant.fi\/en\/sales\/","og_locale":"en_US","og_type":"article","og_title":"Sales &#8211; Arctic Giant","og_url":"https:\/\/arcticgiant.fi\/en\/sales\/","og_site_name":"Arctic Giant","article_publisher":"https:\/\/facebook.com\/arcticgiant\/","article_modified_time":"2026-04-01T15:50:51+00:00","og_image":[{"width":1200,"height":675,"url":"https:\/\/arcticgiant.fi\/wp-content\/uploads\/Placeholder-1200x675-1.png","type":"image\/png"}],"twitter_card":"summary_large_image","twitter_misc":{"Est. reading time":"1 minute"},"schema":{"@context":"https:\/\/schema.org","@graph":[{"@type":"WebPage","@id":"https:\/\/arcticgiant.fi\/en\/sales\/","url":"https:\/\/arcticgiant.fi\/en\/sales\/","name":"Sales &#8211; Arctic Giant","isPartOf":{"@id":"https:\/\/arcticgiant.fi\/en\/#website"},"datePublished":"2026-03-01T18:27:01+00:00","dateModified":"2026-04-01T15:50:51+00:00","breadcrumb":{"@id":"https:\/\/arcticgiant.fi\/en\/sales\/#breadcrumb"},"inLanguage":"en-US","potentialAction":[{"@type":"ReadAction","target":["https:\/\/arcticgiant.fi\/en\/sales\/"]}]},{"@type":"BreadcrumbList","@id":"https:\/\/arcticgiant.fi\/en\/sales\/#breadcrumb","itemListElement":[{"@type":"ListItem","position":1,"name":"Arctic Giant","item":"https:\/\/arcticgiant.fi\/en\/"},{"@type":"ListItem","position":2,"name":"Sales"}]},{"@type":"WebSite","@id":"https:\/\/arcticgiant.fi\/en\/#website","url":"https:\/\/arcticgiant.fi\/en\/","name":"Arctic Giant Birdhouse Hotel","description":"N\u00e4e maailma j\u00e4ttil\u00e4isen silmin","publisher":{"@id":"https:\/\/arcticgiant.fi\/en\/#organization"},"alternateName":"Arctic Giant","potentialAction":[{"@type":"SearchAction","target":{"@type":"EntryPoint","urlTemplate":"https:\/\/arcticgiant.fi\/en\/?s={search_term_string}"},"query-input":{"@type":"PropertyValueSpecification","valueRequired":true,"valueName":"search_term_string"}}],"inLanguage":"en-US"},{"@type":"Organization","@id":"https:\/\/arcticgiant.fi\/en\/#organization","name":"Arctic Giant Birdhouse Hotel","alternateName":"Arctic Giant","url":"https:\/\/arcticgiant.fi\/en\/","logo":{"@type":"ImageObject","inLanguage":"en-US","@id":"https:\/\/arcticgiant.fi\/en\/#\/schema\/logo\/image\/","url":"https:\/\/arcticgiant.fi\/wp-content\/uploads\/Placeholder-696x696-1.png","contentUrl":"https:\/\/arcticgiant.fi\/wp-content\/uploads\/Placeholder-696x696-1.png","width":696,"height":696,"caption":"Arctic Giant Birdhouse Hotel"},"image":{"@id":"https:\/\/arcticgiant.fi\/en\/#\/schema\/logo\/image\/"},"sameAs":["https:\/\/facebook.com\/arcticgiant\/","https:\/\/instagram.com\/arcticgiant_jattilaisenmaa\/","https:\/\/www.youtube.com\/@arctic_giant\/","https:\/\/www.tiktok.com\/@arcticgiantfi\/"]}]}},"_links":{"self":[{"href":"https:\/\/arcticgiant.fi\/en\/wp-json\/wp\/v2\/pages\/2626","targetHints":{"allow":["GET"]}}],"collection":[{"href":"https:\/\/arcticgiant.fi\/en\/wp-json\/wp\/v2\/pages"}],"about":[{"href":"https:\/\/arcticgiant.fi\/en\/wp-json\/wp\/v2\/types\/page"}],"author":[{"embeddable":true,"href":"https:\/\/arcticgiant.fi\/en\/wp-json\/wp\/v2\/users\/2"}],"replies":[{"embeddable":true,"href":"https:\/\/arcticgiant.fi\/en\/wp-json\/wp\/v2\/comments?post=2626"}],"version-history":[{"count":0,"href":"https:\/\/arcticgiant.fi\/en\/wp-json\/wp\/v2\/pages\/2626\/revisions"}],"wp:attachment":[{"href":"https:\/\/arcticgiant.fi\/en\/wp-json\/wp\/v2\/media?parent=2626"}],"curies":[{"name":"wp","href":"https:\/\/api.w.org\/{rel}","templated":true}]}}