{"id":1097,"date":"2023-07-03T11:02:00","date_gmt":"2023-07-03T08:02:00","guid":{"rendered":"https:\/\/arcticgiant.fi\/v2\/?page_id=1097"},"modified":"2023-08-17T10:26:34","modified_gmt":"2023-08-17T07:26:34","slug":"responsibility","status":"publish","type":"page","link":"https:\/\/arcticgiant.fi\/en\/responsibility\/","title":{"rendered":"Responsibility"},"content":{"rendered":"\t<section class=\"section\" id=\"section_432861599\">\n\t\t<div class=\"bg section-bg fill bg-fill bg-loaded \" >\n\n\t\t\t\n\t\t\t\n\t\t\t\n\n\t\t<\/div>\n\n\t\t\n\n\t\t<div class=\"section-content relative\">\n\t\t\t\n\t<div id=\"gap-1647832812\" class=\"gap-element clearfix\" style=\"display:block; height:auto;\">\n\t\t\n<style>\n#gap-1647832812 {\n  padding-top: 30px;\n}\n@media (min-width:850px) {\n  #gap-1647832812 {\n    padding-top: 60px;\n  }\n}\n<\/style>\n\t<\/div>\n\t\n<div class=\"row row-large align-middle align-center\"  id=\"row-1569232186\">\n\n\t<div id=\"col-699117041\" class=\"col medium-12 small-12 large-11\"  >\n\t\t\t\t<div class=\"col-inner text-center\"  >\n\t\t\t\n\t\t\t\n\t<div id=\"text-2145212142\" class=\"text\">\n\t\t\n<h3>Responsibility<\/h3>\n<p>&#8220;Even a giant is good to be in moss, lichen, the smell of a clean forest.&#8221;<\/p>\n<p>For us in Arctic Giant, the well-being of the environment, forest animals and people is everything. We feel it is very important to act responsibly and make informed choices in our every day life, whether it is about nurturing the environment or the equality and diversity of people.<\/p>\n<p>We are part of Visit Finland&#8217;s sustainable tourism program and are currently completing the Sustainable Travel Finland path. The goal of the STF program is to provide tourism companies with a development model and tools to promote sustainable and responsible tourism.<\/p>\n<p>In addition, by applying for environmental certificates, we want to verify our responsible operations for ourselves, our guests and our partners. We want everyone to have a good time with us, today and tomorrow too.<\/p>\n\t\t\n<style>\n#text-2145212142 {\n  text-align: center;\n}\n<\/style>\n\t<\/div>\n\t\n\t\t<\/div>\n\t\t\t\t\t<\/div>\n\n\t\n<\/div>\n\t\t<\/div>\n\n\t\t\n<style>\n#section_432861599 {\n  padding-top: 30px;\n  padding-bottom: 30px;\n}\n#section_432861599 .section-bg.bg-loaded {\n  background-image: url(https:\/\/arcticgiant.fi\/wp-content\/uploads\/Tausta.png);\n}\n#section_432861599 .section-bg {\n  background-position: 50% 0%;\n}\n<\/style>\n\t<\/section>\n\t\n","protected":false},"excerpt":{"rendered":"","protected":false},"author":1,"featured_media":0,"parent":0,"menu_order":0,"comment_status":"closed","ping_status":"closed","template":"page-blank.php","meta":{"footnotes":""},"class_list":["post-1097","page","type-page","status-publish","hentry"],"yoast_head":"<!-- This site is optimized with the Yoast SEO plugin v26.2 - https:\/\/yoast.com\/wordpress\/plugins\/seo\/ -->\n<title>Responsibility &#8211; Arctic Giant<\/title>\n<meta name=\"description\" content=\"For us in J\u00e4ttil\u00e4isenmaa, the well-being of the environment, forest animals and people is everything. Read more.\" \/>\n<meta name=\"robots\" content=\"index, follow, max-snippet:-1, max-image-preview:large, max-video-preview:-1\" \/>\n<link rel=\"canonical\" href=\"https:\/\/arcticgiant.fi\/en\/responsibility\/\" \/>\n<meta property=\"og:locale\" content=\"en_US\" \/>\n<meta property=\"og:type\" content=\"article\" \/>\n<meta property=\"og:title\" content=\"Responsibility &#8211; Arctic Giant\" \/>\n<meta property=\"og:description\" content=\"For us in J\u00e4ttil\u00e4isenmaa, the well-being of the environment, forest animals and people is everything. Read more.\" \/>\n<meta property=\"og:url\" content=\"https:\/\/arcticgiant.fi\/en\/responsibility\/\" \/>\n<meta property=\"og:site_name\" content=\"Arctic Giant\" \/>\n<meta property=\"article:publisher\" content=\"https:\/\/facebook.com\/arcticgiant\/\" \/>\n<meta property=\"article:modified_time\" content=\"2023-08-17T07:26:34+00:00\" \/>\n<meta property=\"og:image\" content=\"https:\/\/arcticgiant.fi\/wp-content\/uploads\/Placeholder-1200x675-1.png\" \/>\n\t<meta property=\"og:image:width\" content=\"1200\" \/>\n\t<meta property=\"og:image:height\" content=\"675\" \/>\n\t<meta property=\"og:image:type\" content=\"image\/png\" \/>\n<meta name=\"twitter:card\" content=\"summary_large_image\" \/>\n<meta name=\"twitter:label1\" content=\"Est. reading time\" \/>\n\t<meta name=\"twitter:data1\" content=\"2 minutes\" \/>\n<script type=\"application\/ld+json\" class=\"yoast-schema-graph\">{\"@context\":\"https:\/\/schema.org\",\"@graph\":[{\"@type\":\"WebPage\",\"@id\":\"https:\/\/arcticgiant.fi\/en\/responsibility\/\",\"url\":\"https:\/\/arcticgiant.fi\/en\/responsibility\/\",\"name\":\"Responsibility &#8211; Arctic Giant\",\"isPartOf\":{\"@id\":\"https:\/\/arcticgiant.fi\/en\/#website\"},\"datePublished\":\"2023-07-03T08:02:00+00:00\",\"dateModified\":\"2023-08-17T07:26:34+00:00\",\"description\":\"For us in J\u00e4ttil\u00e4isenmaa, the well-being of the environment, forest animals and people is everything. Read more.\",\"breadcrumb\":{\"@id\":\"https:\/\/arcticgiant.fi\/en\/responsibility\/#breadcrumb\"},\"inLanguage\":\"en-US\",\"potentialAction\":[{\"@type\":\"ReadAction\",\"target\":[\"https:\/\/arcticgiant.fi\/en\/responsibility\/\"]}]},{\"@type\":\"BreadcrumbList\",\"@id\":\"https:\/\/arcticgiant.fi\/en\/responsibility\/#breadcrumb\",\"itemListElement\":[{\"@type\":\"ListItem\",\"position\":1,\"name\":\"Arctic Giant\",\"item\":\"https:\/\/arcticgiant.fi\/en\/\"},{\"@type\":\"ListItem\",\"position\":2,\"name\":\"Responsibility\"}]},{\"@type\":\"WebSite\",\"@id\":\"https:\/\/arcticgiant.fi\/en\/#website\",\"url\":\"https:\/\/arcticgiant.fi\/en\/\",\"name\":\"Arctic Giant Birdhouse Hotel\",\"description\":\"N\u00e4e maailma j\u00e4ttil\u00e4isen silmin\",\"publisher\":{\"@id\":\"https:\/\/arcticgiant.fi\/en\/#organization\"},\"alternateName\":\"Arctic Giant\",\"potentialAction\":[{\"@type\":\"SearchAction\",\"target\":{\"@type\":\"EntryPoint\",\"urlTemplate\":\"https:\/\/arcticgiant.fi\/en\/?s={search_term_string}\"},\"query-input\":{\"@type\":\"PropertyValueSpecification\",\"valueRequired\":true,\"valueName\":\"search_term_string\"}}],\"inLanguage\":\"en-US\"},{\"@type\":\"Organization\",\"@id\":\"https:\/\/arcticgiant.fi\/en\/#organization\",\"name\":\"Arctic Giant Birdhouse Hotel\",\"alternateName\":\"Arctic Giant\",\"url\":\"https:\/\/arcticgiant.fi\/en\/\",\"logo\":{\"@type\":\"ImageObject\",\"inLanguage\":\"en-US\",\"@id\":\"https:\/\/arcticgiant.fi\/en\/#\/schema\/logo\/image\/\",\"url\":\"https:\/\/arcticgiant.fi\/wp-content\/uploads\/Placeholder-696x696-1.png\",\"contentUrl\":\"https:\/\/arcticgiant.fi\/wp-content\/uploads\/Placeholder-696x696-1.png\",\"width\":696,\"height\":696,\"caption\":\"Arctic Giant Birdhouse Hotel\"},\"image\":{\"@id\":\"https:\/\/arcticgiant.fi\/en\/#\/schema\/logo\/image\/\"},\"sameAs\":[\"https:\/\/facebook.com\/arcticgiant\/\",\"https:\/\/instagram.com\/arcticgiant_jattilaisenmaa\/\",\"https:\/\/www.youtube.com\/@arctic_giant\/\",\"https:\/\/www.tiktok.com\/@arcticgiantfi\/\"]}]}<\/script>\n<!-- \/ Yoast SEO plugin. -->","yoast_head_json":{"title":"Responsibility &#8211; Arctic Giant","description":"For us in J\u00e4ttil\u00e4isenmaa, the well-being of the environment, forest animals and people is everything. Read more.","robots":{"index":"index","follow":"follow","max-snippet":"max-snippet:-1","max-image-preview":"max-image-preview:large","max-video-preview":"max-video-preview:-1"},"canonical":"https:\/\/arcticgiant.fi\/en\/responsibility\/","og_locale":"en_US","og_type":"article","og_title":"Responsibility &#8211; Arctic Giant","og_description":"For us in J\u00e4ttil\u00e4isenmaa, the well-being of the environment, forest animals and people is everything. Read more.","og_url":"https:\/\/arcticgiant.fi\/en\/responsibility\/","og_site_name":"Arctic Giant","article_publisher":"https:\/\/facebook.com\/arcticgiant\/","article_modified_time":"2023-08-17T07:26:34+00:00","og_image":[{"width":1200,"height":675,"url":"https:\/\/arcticgiant.fi\/wp-content\/uploads\/Placeholder-1200x675-1.png","type":"image\/png"}],"twitter_card":"summary_large_image","twitter_misc":{"Est. reading time":"2 minutes"},"schema":{"@context":"https:\/\/schema.org","@graph":[{"@type":"WebPage","@id":"https:\/\/arcticgiant.fi\/en\/responsibility\/","url":"https:\/\/arcticgiant.fi\/en\/responsibility\/","name":"Responsibility &#8211; Arctic Giant","isPartOf":{"@id":"https:\/\/arcticgiant.fi\/en\/#website"},"datePublished":"2023-07-03T08:02:00+00:00","dateModified":"2023-08-17T07:26:34+00:00","description":"For us in J\u00e4ttil\u00e4isenmaa, the well-being of the environment, forest animals and people is everything. Read more.","breadcrumb":{"@id":"https:\/\/arcticgiant.fi\/en\/responsibility\/#breadcrumb"},"inLanguage":"en-US","potentialAction":[{"@type":"ReadAction","target":["https:\/\/arcticgiant.fi\/en\/responsibility\/"]}]},{"@type":"BreadcrumbList","@id":"https:\/\/arcticgiant.fi\/en\/responsibility\/#breadcrumb","itemListElement":[{"@type":"ListItem","position":1,"name":"Arctic Giant","item":"https:\/\/arcticgiant.fi\/en\/"},{"@type":"ListItem","position":2,"name":"Responsibility"}]},{"@type":"WebSite","@id":"https:\/\/arcticgiant.fi\/en\/#website","url":"https:\/\/arcticgiant.fi\/en\/","name":"Arctic Giant Birdhouse Hotel","description":"N\u00e4e maailma j\u00e4ttil\u00e4isen silmin","publisher":{"@id":"https:\/\/arcticgiant.fi\/en\/#organization"},"alternateName":"Arctic Giant","potentialAction":[{"@type":"SearchAction","target":{"@type":"EntryPoint","urlTemplate":"https:\/\/arcticgiant.fi\/en\/?s={search_term_string}"},"query-input":{"@type":"PropertyValueSpecification","valueRequired":true,"valueName":"search_term_string"}}],"inLanguage":"en-US"},{"@type":"Organization","@id":"https:\/\/arcticgiant.fi\/en\/#organization","name":"Arctic Giant Birdhouse Hotel","alternateName":"Arctic Giant","url":"https:\/\/arcticgiant.fi\/en\/","logo":{"@type":"ImageObject","inLanguage":"en-US","@id":"https:\/\/arcticgiant.fi\/en\/#\/schema\/logo\/image\/","url":"https:\/\/arcticgiant.fi\/wp-content\/uploads\/Placeholder-696x696-1.png","contentUrl":"https:\/\/arcticgiant.fi\/wp-content\/uploads\/Placeholder-696x696-1.png","width":696,"height":696,"caption":"Arctic Giant Birdhouse Hotel"},"image":{"@id":"https:\/\/arcticgiant.fi\/en\/#\/schema\/logo\/image\/"},"sameAs":["https:\/\/facebook.com\/arcticgiant\/","https:\/\/instagram.com\/arcticgiant_jattilaisenmaa\/","https:\/\/www.youtube.com\/@arctic_giant\/","https:\/\/www.tiktok.com\/@arcticgiantfi\/"]}]}},"_links":{"self":[{"href":"https:\/\/arcticgiant.fi\/en\/wp-json\/wp\/v2\/pages\/1097","targetHints":{"allow":["GET"]}}],"collection":[{"href":"https:\/\/arcticgiant.fi\/en\/wp-json\/wp\/v2\/pages"}],"about":[{"href":"https:\/\/arcticgiant.fi\/en\/wp-json\/wp\/v2\/types\/page"}],"author":[{"embeddable":true,"href":"https:\/\/arcticgiant.fi\/en\/wp-json\/wp\/v2\/users\/1"}],"replies":[{"embeddable":true,"href":"https:\/\/arcticgiant.fi\/en\/wp-json\/wp\/v2\/comments?post=1097"}],"version-history":[{"count":0,"href":"https:\/\/arcticgiant.fi\/en\/wp-json\/wp\/v2\/pages\/1097\/revisions"}],"wp:attachment":[{"href":"https:\/\/arcticgiant.fi\/en\/wp-json\/wp\/v2\/media?parent=1097"}],"curies":[{"name":"wp","href":"https:\/\/api.w.org\/{rel}","templated":true}]}}